{"id":39,"date":"2016-08-23T11:21:41","date_gmt":"2016-08-23T02:21:41","guid":{"rendered":"http:\/\/cms.japanunix.com\/wp\/?page_id=39"},"modified":"2017-08-01T16:33:30","modified_gmt":"2017-08-01T07:33:30","slug":"iron_tips","status":"publish","type":"page","link":"https:\/\/www.japanunix.com\/de\/method\/iron_tips\/","title":{"rendered":"Kolben"},"content":{"rendered":"<div class=\"soldering_page\">\n<div class=\"section_1 section\">\n<div>\n<h1><alt = \"\"><\/h1>\n<h2>Lernen Sie die Grundlagen und die Prinzipien des L\u00f6tens kennen<br \/>-Kolbenl\u00f6ten-<\/h2>\n<p class=\"txt_contain_margin\">&#8211; Das ausgereifteste L\u00f6tverfahren mit jahrhundertealter Tradition  &#8211;<\/p>\n<p>Unter allen Arten von L\u00f6tmethoden ist die L\u00f6tspitzentechnik sowohl diejenige mit der l\u00e4ngsten Geschichte als auch die am besten etablierte. Sie wurde zumeist von Hand durch Fachkr\u00e4fte angewendet, allerdings hat die Automatisierung und Rationalisierung dieses Verfahrens mithilfe von Robotern in den zur\u00fcckliegenden Jahren enorme Fortschritte gemacht. <\/p>\n<\/p><\/div>\n<p>\t\t<img loading=\"lazy\" src=\"\/webroot\/img\/technique\/soldering\/top_img.png\" width=\"265\" height=\"196\" alt=\"\">\n\t<\/div>\n<div class=\"section_2 section\">\n<h2>&#8211; Geschichte des Kolbenl\u00f6tens seit dem 19. Jahrhundert &#8211;<\/h2>\n<p>Das L\u00f6ten hat eine 6000-j\u00e4hrige Geschichte, und das Kolbenl\u00f6ten gab es bereits in den 1860er Jahren. Dabei war das L\u00f6ten mit Flammen zu dieser Zeit die meistverwendete Technik. In den 1920er Jahren wurden sie durch elektrische Kolben ersetzt, etwa um die Zeit, in der auch das Radio aufkam. Die heute verwendeten, gew\u00f6hnlichen L\u00f6tkolben Temperaturregelung wurden zuerst in den 1960er Jahren genutzt, im Zuge der Erfindung von gedruckten Leiterplatten und der Transistortechnik. Schon bald wurde die Hitzeempfindlichkeit von Transistoren offenkundig, und damit zugleich die Wichtigkeit einer Regulierung der L\u00f6tspitzen-Temperatur.<\/p>\n<ul class=\"clearfix list_two_line\">\n<li>\n\t\t\t\t<img loading=\"lazy\" class=\"negative_margin\" src=\"\/webroot\/img\/technique\/soldering\/section_2\/img_1.png\" width=\"192\" height=\"204\" alt=\"Die erste L\u00f6tstation mit regelbarer Temperatur von Japan Unix\"><\/p>\n<h3>Die erste L\u00f6tstation mit regelbarer<br \/>Temperatur von Japan Unix<\/h3>\n<\/li>\n<li>\n\t\t\t\t<img loading=\"lazy\" class=\"negative_margin\" src=\"\/webroot\/img\/technique\/soldering\/section_2\/img_2.png\" width=\"192\" height=\"204\" alt=\"Mit manuellem Lotzufuhr-Mechanismus\"><\/p>\n<h3>Mit manuellem Lotzufuhr-Mechanismus<\/h3>\n<\/li>\n<\/ul><\/div>\n<div class=\"section_3 section\">\n<h2>&#8211; Grundprinzipien des L\u00f6tens &#8211;<\/h2>\n<p class=\"txt_contain_margin\">Der Verbindungsprozess des L\u00f6tens  beginnt damit, dass mit einem Flussmittel die Oxidschicht des Tr\u00e4gers entfernt wird. Die Verbindung wird anschlie\u00dfend durch Benetzen, Schmelzen und Verteilen an der Schnittstelle von Lot und Tr\u00e4ger geformt. Das geschmolzene Lot dehnt sich auf die metallische Kontaktfl\u00e4che aus, von der zuvor die Oxidschicht entfernt wurde, und das Tr\u00e4germetall verschmilzt mit dem Lotmaterial.<\/p>\n<p class=\"txt_contain_margin\">[Schmelzen]: Beim Verschmelzen metallischer Stoffe wird durch den wechselseitigen Austausch von Atomen von Lot und Tr\u00e4germetall eine Metall-Legierung gebildet.<\/p>\n<p>[Verteilen]: Eine L\u00f6tverbindung wird durch Schmelzen und Verteilen erzielt, jedoch muss bei Metallen zugleich auf eventuelle spezifische Reaktionsph\u00e4nomene geachtet werden, die die L\u00f6tqualit\u00e4t verringern k\u00f6nnten.<\/p>\n<p>\t\t<a class=\"fancybox\" href=\"\/webroot\/img\/technique\/soldering\/section_3\/big_en.jpg\"><br \/>\n\t\t\t<img loading=\"lazy\" class=\"philosophy_img\" src=\"\/webroot\/img\/technique\/soldering\/section_3\/img_1_en.jpg\" width=\"326\" height=\"192\" alt=\"\"><br \/>\n\t\t<\/a><\/p>\n<p class=\"txt_contain_margin\">Der Schmelz- und Verteilprozess resultiert in einer intermetallischen Bindung im Lot. Jedoch muss der Benutzer sorgf\u00e4ltig auf spezifische Reaktionsph\u00e4nomene achten, die die L\u00f6tqualit\u00e4t verringern k\u00f6nnen, und sie vermeiden.  Eine ungeeignete Temperatur beim L\u00f6ten eines Bauteils auf eine Leiterplatte kann eine Verdickung der Legierung bewirken, durch die die L\u00f6tverbindung letztlich geschw\u00e4cht wird.<\/p>\n<ul class=\"clearfix list_three_line\">\n<li>\n\t\t\t\t<img loading=\"lazy\" class=\"negative_margin\" src=\"\/webroot\/img\/technique\/soldering\/section_3\/img_2.png\" width=\"202\" height=\"204\" alt=\"Zustand der Verbindung, 30.000fach\"><\/p>\n<h3>Zustand der Verbindung, 30.000fach<br \/>(geeignete L\u00f6ttemperatur)<\/h3>\n<\/li>\n<li>\n\t\t\t\t<img loading=\"lazy\" class=\"negative_margin\" src=\"\/webroot\/img\/technique\/soldering\/section_3\/img_3.png\" width=\"202\" height=\"204\" alt=\"L\u00f6tschicht mit hypertrophen Nadeln, 5.000fach\"><\/p>\n<h3>L\u00f6tschicht mit hypertrophen Nadeln, 5.000fach<br \/>(zu hohe L\u00f6ttemperatur)<\/h3>\n<\/li>\n<\/ul>\n<p class=\"clear txt_contain_margin_wide\">\u203b Zinn, als Hauptbestandteil des Lotes, weist eine deutliche Tendenz zur L\u00f6sung anderer Metalle, mit denen es in Ber\u00fchrung kommt, auf. Bleifreie Lote mit hohem Zinnanteil neigen zum Aufl\u00f6sen; auch  korrodieren Tr\u00e4germetalle und Kupfer, wenn eine Leiterplatte beim Wellenl\u00f6ten getr\u00e4nkt wird, und flie\u00dfen in das Lot. In beiden F\u00e4llen steigt schnell der Grad an Verunreinigung.<\/p>\n<div class=\"feature_list_box\">\n<p>\u2605Besondere Merkmale<\/p>\n<ul>\n<li>1\uff0e Erm\u00f6glicht hochwertiges L\u00f6ten hinsichtlich Festigkeit und Best\u00e4ndigkeit.<\/li>\n<li>2\uff0e Das verwendete Lot ist immer zu 100% neu.<\/li>\n<li>3\uff0e Geringe Hitzesch\u00e4digung, deshalb zum L\u00f6ten von empfindlichen elektronischen Bauteilen geeignet.<\/li>\n<li>4 . Die Ausstattung ist kompakt und kosteng\u00fcnstig, sowie einfach in Betrieb zu nehmen.<\/li>\n<\/ul><\/div>\n<\/p><\/div>\n<div class=\"section_4 section\">\n<h2>&#8211; Verbindungs-Festigkeit und Best\u00e4ndigkeit. Kolbenl\u00f6ten f\u00fcr beste Qualit\u00e4t &#8211;<\/h2>\n<p>Gr\u00f6\u00dfter Vorteil des Kolbenl\u00f6tens ist es, dass es die h\u00f6chste L\u00f6tqualit\u00e4t erm\u00f6glicht. Zwei Faktoren bestimmen die Wertigkeit des L\u00f6tens: Verbindungs-Festigkeit und Best\u00e4ndigkeit. Neues und frisches Lot wird beim Kolbenl\u00f6ten kontinuierlich zugef\u00fchrt. Beim Wellenl\u00f6ten dagegen schmelzen Tr\u00e4germetalle in das fl\u00fcssige Lot und ver\u00e4ndern seine Eigenschaften. Das Einflie\u00dfen von Verunreinigungen wird als Hauptgrund f\u00fcr reduzierte Verbindungs-Festigkeit angesehen.<\/p>\n<\/p><\/div>\n<div class=\"section_5 section\">\n<h2>&#8211; Hitzesch\u00e4den an den Bauteilen werden durch sofortige W\u00e4rme\u00fcbertragung auf das absolute Minimum beschr\u00e4nkt &#8211;<\/h2>\n<p class=\"txt_contain_margin\">Beim Kolbenl\u00f6ten ist das Bauteil der Hitze nur f\u00fcr kurze Zeit ausgesetzt, normalerweise unter zwei Sekunden. Elektronische Bauteile werden wegen der geringen W\u00e4rme\u00fcbertragung beim Verl\u00f6ten nicht in ihrer Leistungsf\u00e4higkeit beeintr\u00e4chtigt. Die Kontaktfl\u00e4che ist, anders als beim Wellenl\u00f6ten, bei dem die gesamte Baugruppe erw\u00e4rmt wird, nur 1\u20135 mm gro\u00df. Die \u00fcbertragene W\u00e4rmemenge ist \u00e4u\u00dferst gering und es kommt zu keiner Hitzesch\u00e4digung<\/p>\n<\/p><\/div>\n<div class=\"video_section\">\n<ul class=\"video_box_list popup_wrap\">\n<li>\n\t\t\t<a class=\"popup_video\" href=\"#popup_video\"><br \/>\n\t\t\t\t<img loading=\"lazy\" class=\"video_cover\" src=\"\/webroot\/img\/movie\/video_non.png\" width=\"288\" height=\"206\" alt=\"\"><br \/>\n\t\t\t\t<img loading=\"lazy\" src=\"\/webroot\/img\/movie\/410sr_1.png\" width=\"288\" height=\"206\" alt=\"\"><br \/>\n\t\t\t\t<span>0:17<\/span><br \/>\n\t\t\t<\/a><\/p>\n<h3>Automatischer L\u00f6troboter Highspeed-Punktl\u00f6ten<\/h3>\n<p class=\"small\">Einfaches Punktl\u00f6ten. Schnelles und verl\u00e4ssliches Verl\u00f6ten durch einen speziellen Roboter.<\/p>\n<\/li>\n<li>\n\t\t\t<a class=\"popup_video\" href=\"#popup_video\"><br \/>\n\t\t\t\t<img loading=\"lazy\" class=\"video_cover\" src=\"\/webroot\/img\/movie\/video_non.png\" width=\"288\" height=\"206\" alt=\"\"><br \/>\n\t\t\t\t<img loading=\"lazy\" src=\"\/webroot\/img\/movie\/kotetechnique_2.png\" width=\"288\" height=\"206\" alt=\"\"><br \/>\n\t\t\t\t<span>1:09<\/span><br \/>\n\t\t\t<\/a><\/p>\n<h3>Automatischer L\u00f6troboter Hochgeschwindigkeits-Kamera<\/h3>\n<p class=\"small\">Ansicht des Kolbenl\u00f6tens mittels Hochgeschwindigkeits-Kamera. Das grundlegende L\u00f6tprinzip wird ersichtlich.<\/p>\n<\/li>\n<\/ul><\/div>\n<div class=\"section_6 section\">\n<h2>&#8211; Traditionelles Verfahren f\u00fcr Best\u00e4ndigkeit und Stabilit\u00e4t &#8211;<\/h2>\n<p>Unter allen L\u00f6tverfahren hat das Kolbenl\u00f6ten die l\u00e4ngste Geschichte, und es ist das Verfahren mit der am besten bew\u00e4hrten Festigkeit und Best\u00e4ndigkeit. Mit dem Kolbenl\u00f6ten k\u00f6nnen nicht alle neueren Arbeiten ausgef\u00fchrt werden, die aus j\u00fcngsten technologische Entwicklungen resultieren. Um diese neuartigen Anforderungen zu bew\u00e4ltigen m\u00fcssen eigene L\u00f6ttechniken entwickelt werden, die Theorie des L\u00f6tens muss vollst\u00e4ndig verstanden sein und die spezifischen Besonderheiten der neuen Technologien m\u00fcssen in geeigneter Weise nutzbar gemacht werden.<\/p>\n<\/p><\/div>\n<div class=\"link_wrap section\">\n<h2>&#8211; Andere Verfahren entdecken &#8211;<\/h2>\n<ul class=\"link_list\">\n<li>\n\t\t\t\t<a href=\"\/de\/method\/laser.php\"><br \/>\n\t\t\t\t\t<img loading=\"lazy\" src=\"\/webroot\/img\/technique\/top\/btn_laser.png\" width=\"153\" height=\"148\" alt=\"\"><br \/>\n\t\t\t\t<\/a><\/p>\n<h3>Laserl\u00f6ten<\/h3>\n<\/li>\n<li>\n\t\t\t\t<a href=\"\/de\/method\/ultrasonic.php\"><br \/>\n\t\t\t\t\t<img loading=\"lazy\" src=\"\/webroot\/img\/technique\/top\/btn_sonic.png\" width=\"153\" height=\"148\" alt=\"\"><br \/>\n\t\t\t\t<\/a><\/p>\n<h3>Ultraschall-L\u00f6ten<\/h3>\n<\/li>\n<\/ul><\/div>\n<\/div>\n","protected":false},"excerpt":{"rendered":"<p>Lernen Sie die Grundlagen und die Prinzipien des L\u00f6tens kennen-Kolbenl\u00f6ten- &#8211; Das ausgereifteste L\u00f6tverf [&hellip;]<\/p>\n","protected":false},"author":1,"featured_media":908,"parent":21,"menu_order":35,"comment_status":"closed","ping_status":"closed","template":"","meta":[],"acf":[],"_links":{"self":[{"href":"https:\/\/www.japanunix.com\/de\/wp-json\/wp\/v2\/pages\/39"}],"collection":[{"href":"https:\/\/www.japanunix.com\/de\/wp-json\/wp\/v2\/pages"}],"about":[{"href":"https:\/\/www.japanunix.com\/de\/wp-json\/wp\/v2\/types\/page"}],"author":[{"embeddable":true,"href":"https:\/\/www.japanunix.com\/de\/wp-json\/wp\/v2\/users\/1"}],"replies":[{"embeddable":true,"href":"https:\/\/www.japanunix.com\/de\/wp-json\/wp\/v2\/comments?post=39"}],"version-history":[{"count":7,"href":"https:\/\/www.japanunix.com\/de\/wp-json\/wp\/v2\/pages\/39\/revisions"}],"predecessor-version":[{"id":807,"href":"https:\/\/www.japanunix.com\/de\/wp-json\/wp\/v2\/pages\/39\/revisions\/807"}],"up":[{"embeddable":true,"href":"https:\/\/www.japanunix.com\/de\/wp-json\/wp\/v2\/pages\/21"}],"wp:featuredmedia":[{"embeddable":true,"href":"https:\/\/www.japanunix.com\/de\/wp-json\/wp\/v2\/media\/908"}],"wp:attachment":[{"href":"https:\/\/www.japanunix.com\/de\/wp-json\/wp\/v2\/media?parent=39"}],"curies":[{"name":"wp","href":"https:\/\/api.w.org\/{rel}","templated":true}]}}