{"id":357,"date":"2016-09-01T18:52:45","date_gmt":"2016-09-01T09:52:45","guid":{"rendered":"http:\/\/cms.japanunix.com\/?page_id=357"},"modified":"2017-04-29T01:02:00","modified_gmt":"2017-04-28T16:02:00","slug":"attention","status":"publish","type":"page","link":"https:\/\/www.japanunix.com\/de\/attention\/","title":{"rendered":"Warnung an die gesch\u00e4tzten Kunden von Japan Unix vor Produktf\u00e4lschungen\/minderwertigen G\u00fctern."},"content":{"rendered":"\n<div class=\"top_section\">\n\t\t<img loading=\"lazy\" src=\"\/webroot\/img\/products\/automation\/warning\/warning.png\" width=\"54\" height=\"62\" alt=\"WARNING\"><\/p>\n<h2>Warnung an die gesch\u00e4tzten Kunden von Japan Unix vor Produktf\u00e4lschungen\/minderwertigen G\u00fctern.<\/h2>\n<\/p><\/div>\n<div class=\"txt_section\">\n<p>Wir danken Ihnen vielmals, dass Sie die Produkte von Japan Unix unterst\u00fctzen.<\/p>\n<p>Wir haben best\u00e4tigt, dass minderwertige F\u00e4lschungen, die unseren Produkten \u00e4hneln (L\u00f6tkolbenspitzen sowohl f\u00fcr automatische Maschinen als auch f\u00fcr Handwerkzeuge) in j\u00fcngster Zeit auf dem chinesischen, s\u00fcdkoreanischen und taiwanesischen Markt aufgetaucht sind. Da unser Logo unbefugt zur Kennzeichnung dieser minderwertigen G\u00fcter missbraucht wurde und diese dem Aussehen nach nur schwer von unseren Produkten zu unterscheiden sind, wurden einige Kunden dadurch irregef\u00fchrt und gesch\u00e4digt. Des Weiteren stellten wir fest, dass in einigen F\u00e4llen Bilder unbefugt verwendet wurden, die aus unserem Katalog und von unserer Webseite stammen.Uns wurde von F\u00e4llen berichtet, in denen gef\u00e4lschte L\u00f6tkolbenspitzen benutzt wurden und sehr schnell unbrauchbar wurden. Dabei entstanden ernsthafte Sch\u00e4den an den Maschinen, mit denen sie eingesetzt wurden, an L\u00f6tplatinen und anderen Gegenst\u00e4nden.Wir weisen Sie darauf hin, dass wir keinerlei Verantwortung \u00fcbernehmen und keinerlei Unterst\u00fctzung leisten k\u00f6nnen, sofern durch den Gebrauch gef\u00e4lschter Produkte Fehlfunktionen, Unf\u00e4lle oder Defekte verursacht werden, und zwar auch dann, wenn dies innerhalb der Garantiefrist geschieht. Obwohl wir unsere Bem\u00fchungen verst\u00e4rken, Produktpiraten ausfindig zu machen und energisch gegen Verletzungen unserer Markenrechte vorgehen, um dieses Problem zu beseitigen, empfehlen wir unseren Kunden, ausreichende Vorsichtsma\u00dfnahmen gegen Produktf\u00e4lschungen zu treffen und nur direkt bei uns oder bei unseren \u00f6rtlichen bevollm\u00e4chtigten Vertriebspartnern zu kaufen.<\/p>\n<p><b>Unsere L\u00f6tkolbenspitzen sind eine Schl\u00fcsselkomponente, die einen starken Einfluss auf die Qualit\u00e4t Ihrer L\u00f6tprozesse hat.<\/b><\/p>\n<p>Wir erm\u00e4chtigen niemanden, L\u00f6tkolbenspitzen von Japan Unix online zu vertreiben, mit Ausnahme derjenigen, die auf dieser Webseite genannt werden. Dar\u00fcberhinaus arbeiten wir nicht mit \u00f6rtlichen Tochterunternehmen in anderen L\u00e4ndern bei der Produktentwicklung zusammen. Sofern es in Zukunft zu soIcher Zusammenarbeit in der Produktentwicklung kommt, werden wir dies auf unserer Webseite oder auf andere Weise ausdr\u00fccklich bekanntgeben.<\/p>\n<p>Falls Sie weitere Fragen haben sollten, nehmen Sie bitte Kontakt zu uns auf.<\/p>\n<\/p><\/div>\n<div class=\"img_section\">\n<div class=\"img_box\">\n<div class=\"img img_1\">\n<div class=\"txt_box\">\n<p class=\"left\">Links: Kopie<\/p>\n<p class=\"right\">Rechts: Echt<\/p>\n<\/p><\/div>\n<\/p><\/div>\n<div class=\"img img_2\">\n<div class=\"txt_box\">\n<p class=\"left\">Links: Kopie<\/p>\n<p class=\"right\">Rechts: Echt<\/p>\n<\/p><\/div>\n<\/p><\/div>\n<h3>Die Kopie ist unzureichend beschichtet, wodurch Teile der Beschichtung abbl\u00e4ttern.Die schlampige Ausf\u00fchrung hat an der Spitze Unebenheiten verursacht; dadurch k\u00f6nnen an den bearbeiteten Platinen Sch\u00e4den entstehen.<\/h3>\n<\/p><\/div>\n<div class=\"img_box\">\n<div class=\"img img_3\">\n<div class=\"txt_box\">\n<p class=\"left\">Links: Kopie<\/p>\n<p class=\"right\">Rechts: Echt<\/p>\n<\/p><\/div>\n<\/p><\/div>\n<div class=\"img img_4\">\n<div class=\"txt_box\">\n<p class=\"left\">Links: Kopie<\/p>\n<p class=\"right\">Rechts: Echt<\/p>\n<\/p><\/div>\n<\/p><\/div>\n<h3>Die Kopie sieht \u00e4hnlich aus, aber aufgrund der Unzul\u00e4nglichkeit des Kupferteils und der Eisenbeschichtung ist beim R\u00f6ntgen ein Hohlraum sichtbar.(Auf dem linken Bild des rechten Fotos: die wei\u00dfe Linie auf dem R\u00f6ntgenbild)Der fehlerhafte Beschichtungsvorgang kann Probleme verursachen, zum Beispiel verringerte Lebensdauer und unzureichende Hitzeleitung.<\/h3>\n<\/p><\/div>\n<\/p><\/div>\n","protected":false},"excerpt":{"rendered":"<p>Warnung an die gesch\u00e4tzten Kunden von Japan Unix vor Produktf\u00e4lschungen\/minderwertigen G\u00fctern. Wir danken Ihne [&hellip;]<\/p>\n","protected":false},"author":1,"featured_media":0,"parent":0,"menu_order":85,"comment_status":"closed","ping_status":"closed","template":"page-nosidearea.php","meta":[],"acf":[],"_links":{"self":[{"href":"https:\/\/www.japanunix.com\/de\/wp-json\/wp\/v2\/pages\/357"}],"collection":[{"href":"https:\/\/www.japanunix.com\/de\/wp-json\/wp\/v2\/pages"}],"about":[{"href":"https:\/\/www.japanunix.com\/de\/wp-json\/wp\/v2\/types\/page"}],"author":[{"embeddable":true,"href":"https:\/\/www.japanunix.com\/de\/wp-json\/wp\/v2\/users\/1"}],"replies":[{"embeddable":true,"href":"https:\/\/www.japanunix.com\/de\/wp-json\/wp\/v2\/comments?post=357"}],"version-history":[{"count":4,"href":"https:\/\/www.japanunix.com\/de\/wp-json\/wp\/v2\/pages\/357\/revisions"}],"predecessor-version":[{"id":853,"href":"https:\/\/www.japanunix.com\/de\/wp-json\/wp\/v2\/pages\/357\/revisions\/853"}],"wp:attachment":[{"href":"https:\/\/www.japanunix.com\/de\/wp-json\/wp\/v2\/media?parent=357"}],"curies":[{"name":"wp","href":"https:\/\/api.w.org\/{rel}","templated":true}]}}