{"id":263,"date":"2016-08-30T16:36:38","date_gmt":"2016-08-30T07:36:38","guid":{"rendered":"http:\/\/cms.japanunix.com\/?page_id=263"},"modified":"2022-04-25T16:47:59","modified_gmt":"2022-04-25T07:47:59","slug":"home","status":"publish","type":"page","link":"https:\/\/www.japanunix.com\/de\/","title":{"rendered":"HOME"},"content":{"rendered":"\n<div id=\"container\">\n\t\t\t<!-- Main Contents --><\/p>\n<div id=\"top_main_contents\">\n\t\t\t\t<!-- 700\u30b7\u30ea\u30fc\u30ba\u300141\u30b7\u30ea\u30fc\u30ba\u3001\u81ea\u52d5\u5316\u30aa\u30d7\u30b7\u30e7\u30f3\u3001\u30ec\u30fc\u30b6\u30fc\u306f\u3093\u3060\u4ed8\u3001\u8d85\u97f3\u6ce2\u306f\u3093\u3060\u4ed8 --><\/p>\n<div class=\"top_text\">\n<h1><\/h1>\n<\/div>\n<div class = \"top_paragraph\">\n<\/div>\n<div class=\"related_product_section section\">\n<div class=\"slide_wrap\">\n<div class=\"slide_view\">\n<ul class=\"list_related_product top\">\n<li>\n                                <a href=\"\/de\/products\/automation\/410series\/dfseries\/\"><img loading=\"lazy\" src=\"\/webroot\/img\/top\/banner\/img3.png\" width=\"160\" height=\"160\" alt=\"Tisch-L\u00f6troboter\"><\/a><\/p>\n<h3>Tisch-L\u00f6troboter<\/h3>\n<\/li>\n<li>\n                                <a href=\"\/de\/products\/automation\/laser\/\"><img loading=\"lazy\" src=\"\/webroot\/img\/top\/banner\/img4.png\" width=\"160\" height=\"160\" alt=\"Lasermodule\"><\/a><\/p>\n<h3>Lasermodule<\/h3>\n<\/li>\n<li>\n                                <a href=\"\/de\/products\/automation\/gf-series\/\"><img loading=\"lazy\" src=\"https:\/\/www.japanunix.com\/wp\/wp-content\/uploads\/2019\/11\/image10.png\" width=\"160\" height=\"160\" alt=\"Gantry-L\u00f6tplattform\"><\/a><\/p>\n<h3>Gantry-L\u00f6tplattform<\/h3>\n<\/li>\n<li>\n                                <a href=\"\/de\/products\/automation\/integration\/\"><img loading=\"lazy\" src=\"\/webroot\/img\/top\/banner\/img1.png\" width=\"160\" height=\"160\" alt=\"Systemintegration\"><\/a><\/p>\n<h3>Systemintegration<\/h3>\n<\/li>\n<li>\n                                <a href=\"\/de\/products\/automation\/700series\/\"><img loading=\"lazy\" src=\"\/webroot\/img\/top\/banner\/img2.png\" width=\"160\" height=\"160\" alt=\"Inline-L\u00f6troboter\"><\/a><\/p>\n<h3>Inline-L\u00f6troboter<\/h3>\n<\/li>\n<li>\n                                <a href=\"\/de\/products\/soldering\/\"><img loading=\"lazy\" src=\"\/webroot\/img\/top\/banner\/img7.png\" width=\"160\" height=\"160\" alt=\"L\u00f6tstationen\"><\/a><\/p>\n<h3>L\u00f6tstationen<\/h3>\n<\/li>\n<li>\n                                <a href=\"\/de\/products\/option\/\"><img loading=\"lazy\" src=\"\/webroot\/img\/top\/banner\/img6.png\" width=\"160\" height=\"160\" alt=\"Automationszubeh\u00f6r\"><\/a><\/p>\n<h3>Automationszubeh\u00f6r<\/h3>\n<\/li>\n<\/ul><\/div>\n<div class=\"slide_btn_wrapper\">\n<div class=\"related_slide_prev\"><span>prev<\/span><\/div>\n<div class=\"related_slide_next\"><span>next<\/span><\/div>\n<\/p><\/div>\n<\/p><\/div>\n<\/p><\/div>\n<p>\t\t\t\t<!-- \u88fd\u54c1\u4e00\u89a7\u3001\u306f\u3093\u3060\u4ed8\u5de5\u6cd5\u3001\u30b5\u30fc\u30d3\u30b9\u3001\u5c0e\u5165\u4e8b\u4f8b --><\/p>\n<div id=\"category_navi\">\n<ul class=\"category\">\n<li><a href=\"\/de\/products\/top.php\"><img loading=\"lazy\" src=\"\/webroot\/img\/top\/banner2\/img1.png\" width=\"194\" height=\"177\" alt=\"\"><span>Produkte \/ System<\/span><\/a><\/li>\n<li><a href=\"\/de\/method\/top.php\"><img loading=\"lazy\" src=\"\/webroot\/img\/top\/banner2\/img2.png\" width=\"194\" height=\"177\" alt=\"\"><span>L\u00f6t-verfahren<\/span><\/a><\/li>\n<li><a href=\"\/de\/products\/laser\/unit_laser.php\"><img loading=\"lazy\" src=\"https:\/\/www.japanunix.com\/de\/wp\/wp-content\/uploads\/2016\/08\/top_laser_banner.png\" width=\"194\" height=\"177\" alt=\"\"><span>Laserl\u00f6ten<\/span><\/a><\/li>\n<li><a href=\"\/de\/industry\/case_study.php\"><img loading=\"lazy\" src=\"\/webroot\/img\/top\/banner2\/img4.png\" width=\"194\" height=\"177\" alt=\"\"><span>Fallstudie<\/span><\/a><\/li>\n<\/ul><\/div>\n","protected":false},"excerpt":{"rendered":"<p>Tisch-L\u00f6troboter Lasermodule Gantry-L\u00f6tplattform Systemintegration Inline-L\u00f6troboter L\u00f6tstationen Automationsz [&hellip;]<\/p>\n","protected":false},"author":1,"featured_media":0,"parent":0,"menu_order":4,"comment_status":"closed","ping_status":"closed","template":"page-toppage.php","meta":[],"acf":[],"_links":{"self":[{"href":"https:\/\/www.japanunix.com\/de\/wp-json\/wp\/v2\/pages\/263"}],"collection":[{"href":"https:\/\/www.japanunix.com\/de\/wp-json\/wp\/v2\/pages"}],"about":[{"href":"https:\/\/www.japanunix.com\/de\/wp-json\/wp\/v2\/types\/page"}],"author":[{"embeddable":true,"href":"https:\/\/www.japanunix.com\/de\/wp-json\/wp\/v2\/users\/1"}],"replies":[{"embeddable":true,"href":"https:\/\/www.japanunix.com\/de\/wp-json\/wp\/v2\/comments?post=263"}],"version-history":[{"count":21,"href":"https:\/\/www.japanunix.com\/de\/wp-json\/wp\/v2\/pages\/263\/revisions"}],"predecessor-version":[{"id":1066,"href":"https:\/\/www.japanunix.com\/de\/wp-json\/wp\/v2\/pages\/263\/revisions\/1066"}],"wp:attachment":[{"href":"https:\/\/www.japanunix.com\/de\/wp-json\/wp\/v2\/media?parent=263"}],"curies":[{"name":"wp","href":"https:\/\/api.w.org\/{rel}","templated":true}]}}