{"id":24,"date":"2016-08-23T11:17:53","date_gmt":"2016-08-23T02:17:53","guid":{"rendered":"http:\/\/cms.japanunix.com\/wp\/?page_id=24"},"modified":"2017-07-27T14:23:05","modified_gmt":"2017-07-27T05:23:05","slug":"school","status":"publish","type":"page","link":"https:\/\/www.japanunix.com\/de\/school\/","title":{"rendered":"\u00dcber die Akademie"},"content":{"rendered":"\n<div class=\"section section_1\">\n<h1><alt = \"In der Akademie des Mikro-L\u00f6tens werden Ihnen die h\u00f6chstentwickelten L\u00f6t-Techniken vermittelt\"><\/h1>\n<h2>In der Akademie des Mikro-L\u00f6tens werden Ihnen die h\u00f6chstentwickelten L\u00f6t-Techniken vermittelt<\/h2>\n<p>Wir bieten das Wissen und die Expertise im L\u00f6t-Bereich, die sich schon bei der Herstellung des ersten japanischen L\u00f6troboters bew\u00e4hrten. <\/p>\n<p class=\"last\">Elektrotechnik wird heute in vielen Bereichen des Transportwesens, wie in Flugzeugen und Autos, oder in medizinischen Ger\u00e4ten eingesetzt, von denen Menschenleben abh\u00e4ngen. Schon ein einziger L\u00f6tfehler kann unerwartete Probleme hervorrufen. Eine verl\u00e4ssliche Qualit\u00e4tskontrolle beim L\u00f6ten wird zunehmend wichtig f\u00fcr die Vermeidung derartiger Risiken.<\/p>\n<div class=\"img_section\">\n\t\t\t<img loading=\"lazy\" src=\"\/webroot\/img\/\/service\/school\/section_1\/img_1.png\" width=\"318\" height=\"204\" alt=\"\"><br \/>\n\t\t\t<img loading=\"lazy\" src=\"\/webroot\/img\/\/service\/school\/section_1\/img_2.png\" width=\"318\" height=\"204\" alt=\"\">\n\t\t<\/div>\n<p style=\"color:#f00\">\n<\/p><\/div>\n<div class=\"section section_2\">\n<h2>Qualit\u00e4t, die NASA-Standards entspricht<\/h2>\n<p class=\"last\">Die L\u00f6t-Akademie von Japan Unix ist von der Japanischen Gesellschaft f\u00fcr Schwei\u00dftechnik anerkannt. Die Qualit\u00e4tsstandards, mit welchen in der Akademie gearbeitet wird, stammen urspr\u00fcnglich von der NASA. Hochentwickelte L\u00f6t-Techniken werden in Ger\u00e4ten wie Space-Shuttles, Flugzeugen und Satelliten ben\u00f6tigt, deren Verbindungen \u00fcber lange Zeitr\u00e4ume hinweg Extrembedingungen standhalten m\u00fcssen.<\/p>\n<div class=\"img_section\">\n\t\t\t<img loading=\"lazy\" src=\"\/webroot\/img\/\/service\/school\/section_2\/img_1.png\" width=\"659\" height=\"307\" alt=\"\"><br \/>\n\t\t\t<img loading=\"lazy\" src=\"\/webroot\/img\/\/service\/school\/section_2\/img_2.png\" width=\"318\" height=\"204\" alt=\"\"><br \/>\n\t\t\t<img loading=\"lazy\" src=\"\/webroot\/img\/\/service\/school\/section_2\/img_3.png\" width=\"318\" height=\"204\" alt=\"\">\n\t\t<\/div>\n<\/p><\/div>\n<div class=\"section section_3\">\n<h2>Neue Verfahren wie Ultraschall- und Laserl\u00f6ten und hochentwickelte L\u00f6tkenntnisse, die sogar die Automation betreffen<\/h2>\n<p class=\"last\">Mittels L\u00f6tautomation kann hochwertigste L\u00f6tqualit\u00e4t erzielt werden. Durch den Einsatz von Lasern ist es m\u00f6glich geworden, auch in Bereichen zu l\u00f6ten, die f\u00fcr menschliche H\u00e4nde unzug\u00e4nglich sind. Jedoch ist es schwierig, eine akzeptable L\u00f6tqualit\u00e4t zu erreichen, wenn nicht mit den Grundlagen vertraute und erfahrene Experten einbezogen werden.<\/p>\n<div class=\"img_section last\">\n\t\t\t<a href=\"\/de\/products\/410series\/410series_top.php\"><br \/>\n\t\t\t\t<img loading=\"lazy\" class=\"small_img\" src=\"\/webroot\/img\/\/service\/school\/section_3\/img_1.png\" width=\"192\" height=\"204\" alt=\"\"><br \/>\n\t\t\t<\/a><br \/>\n\t\t\t<a href=\"\/de\/products\/700series\/700series_top.php\"><br \/>\n\t\t\t\t<img loading=\"lazy\" src=\"\/webroot\/img\/\/service\/school\/section_3\/img_2.png\" width=\"192\" height=\"204\" alt=\"\"><br \/>\n\t\t\t<\/a>\n\t\t<\/div>\n<\/p><\/div>\n","protected":false},"excerpt":{"rendered":"<p>In der Akademie des Mikro-L\u00f6tens werden Ihnen die h\u00f6chstentwickelten L\u00f6t-Techniken vermittelt Wir bieten das W [&hellip;]<\/p>\n","protected":false},"author":1,"featured_media":641,"parent":0,"menu_order":38,"comment_status":"closed","ping_status":"closed","template":"","meta":[],"acf":[],"_links":{"self":[{"href":"https:\/\/www.japanunix.com\/de\/wp-json\/wp\/v2\/pages\/24"}],"collection":[{"href":"https:\/\/www.japanunix.com\/de\/wp-json\/wp\/v2\/pages"}],"about":[{"href":"https:\/\/www.japanunix.com\/de\/wp-json\/wp\/v2\/types\/page"}],"author":[{"embeddable":true,"href":"https:\/\/www.japanunix.com\/de\/wp-json\/wp\/v2\/users\/1"}],"replies":[{"embeddable":true,"href":"https:\/\/www.japanunix.com\/de\/wp-json\/wp\/v2\/comments?post=24"}],"version-history":[{"count":6,"href":"https:\/\/www.japanunix.com\/de\/wp-json\/wp\/v2\/pages\/24\/revisions"}],"predecessor-version":[{"id":813,"href":"https:\/\/www.japanunix.com\/de\/wp-json\/wp\/v2\/pages\/24\/revisions\/813"}],"wp:featuredmedia":[{"embeddable":true,"href":"https:\/\/www.japanunix.com\/de\/wp-json\/wp\/v2\/media\/641"}],"wp:attachment":[{"href":"https:\/\/www.japanunix.com\/de\/wp-json\/wp\/v2\/media?parent=24"}],"curies":[{"name":"wp","href":"https:\/\/api.w.org\/{rel}","templated":true}]}}