{"id":229,"date":"2016-08-29T18:26:43","date_gmt":"2016-08-29T09:26:43","guid":{"rendered":"http:\/\/cms.japanunix.com\/?page_id=229"},"modified":"2017-04-29T01:00:35","modified_gmt":"2017-04-28T16:00:35","slug":"statement","status":"publish","type":"page","link":"https:\/\/www.japanunix.com\/de\/corporate\/visions\/statement\/","title":{"rendered":"SELBSTVERST\u00c4NDNIS DER MARKE"},"content":{"rendered":"\n<div class=\"vision\">\n<h2>UNSER SELBSTVERST\u00c4NDNIS<\/h2>\n<p>Haben Sie jemals die Zukunft sich vor Ihren Augen entfalten sehen? Erleben Sie einen Augenblick, den Sie nie zuvor erlebt haben.Wo Fragen und Antworten sich verbinden, enth\u00fcllt sich der Moment der Inspiration.L\u00f6tausr\u00fcstungen von JAPAN UNIX sind Technologien, die diese Momente zusammenf\u00fchren.Sie verbinden Ideen, Materialien und Leidenschaften, um die Zukunft zu erfinden.In den Produkten, die Sie heute haben, verschmelzen DIE Momente. Sie verkn\u00fcpfen Ideen, um zu einer L\u00f6sung zu gelangen.Wir sind stolz, Ihr Partner in der Innovation zu sein.Eine nie dagewesene Welt w\u00e4chst vor Ihren Augen zusammen.<\/p>\n<p>\t\t<img loading=\"lazy\" src=\"\/webroot\/img\/company\/vision\/img_en.jpg\" width=\"542\" height=\"664\" alt=\"\" \/>\n\t<\/div>\n","protected":false},"excerpt":{"rendered":"<p>UNSER SELBSTVERST\u00c4NDNIS Haben Sie jemals die Zukunft sich vor Ihren Augen entfalten sehen? Erleben Sie einen A [&hellip;]<\/p>\n","protected":false},"author":1,"featured_media":0,"parent":129,"menu_order":74,"comment_status":"closed","ping_status":"closed","template":"","meta":[],"acf":[],"_links":{"self":[{"href":"https:\/\/www.japanunix.com\/de\/wp-json\/wp\/v2\/pages\/229"}],"collection":[{"href":"https:\/\/www.japanunix.com\/de\/wp-json\/wp\/v2\/pages"}],"about":[{"href":"https:\/\/www.japanunix.com\/de\/wp-json\/wp\/v2\/types\/page"}],"author":[{"embeddable":true,"href":"https:\/\/www.japanunix.com\/de\/wp-json\/wp\/v2\/users\/1"}],"replies":[{"embeddable":true,"href":"https:\/\/www.japanunix.com\/de\/wp-json\/wp\/v2\/comments?post=229"}],"version-history":[{"count":6,"href":"https:\/\/www.japanunix.com\/de\/wp-json\/wp\/v2\/pages\/229\/revisions"}],"predecessor-version":[{"id":852,"href":"https:\/\/www.japanunix.com\/de\/wp-json\/wp\/v2\/pages\/229\/revisions\/852"}],"up":[{"embeddable":true,"href":"https:\/\/www.japanunix.com\/de\/wp-json\/wp\/v2\/pages\/129"}],"wp:attachment":[{"href":"https:\/\/www.japanunix.com\/de\/wp-json\/wp\/v2\/media?parent=229"}],"curies":[{"name":"wp","href":"https:\/\/api.w.org\/{rel}","templated":true}]}}