{"id":21,"date":"2016-08-23T11:16:49","date_gmt":"2016-08-23T02:16:49","guid":{"rendered":"http:\/\/cms.japanunix.com\/wp\/?page_id=21"},"modified":"2017-07-27T11:32:10","modified_gmt":"2017-07-27T02:32:10","slug":"method","status":"publish","type":"page","link":"https:\/\/www.japanunix.com\/de\/method\/","title":{"rendered":"L\u00f6tverfahren"},"content":{"rendered":"\n<div class=\"section_1 section\">\n<div class=\"section_left\">\n<h1><alt=\"\"><\/h1>\n<h2>L\u00f6t-Technologie f\u00fcr einen sich stetig weiterentwickelnden Markt<\/h2>\n<p class=\"txt_contain_margin\">&#8211; L\u00f6ten, wo blo\u00dfes Kleben nicht gen\u00fcgt &#8211;<\/p>\n<p>Aus der Auswahl von Arbeitsmethoden, Temperaturen, L\u00f6tzeiten usw. kann deutlich verschiedene L\u00f6tstrategien hervorgehen.  Dabei kann ein ungen\u00fcgendes L\u00f6t-Management zu unerwarteten Beanstandungen von Kundenseite f\u00fchren. Deswegen muss besondere Sorgfalt darauf verwendet werden, sich vor derartigen Ergebnissen zu sch\u00fctzen.Auf diesen Seiten werden die drei von Japan Unix empfohlenen L\u00f6tverfahren erl\u00e4utert. <\/p>\n<\/p><\/div>\n<p>\t\t<img loading=\"lazy\" src=\"\/webroot\/img\/technique\/top\/top_img.png\" width=\"265\" height=\"189\" alt=\"\">\n\t<\/div>\n<div class=\"section_2 section\" style=\"margin-top: 20px;\">\n<div class=\"lead_division\">\n<h2>&#8211; Hochintegrierte Produkte, bleifreies L\u00f6ten, Umweltschutz-Bestimmungen, L\u00f6ten auf Aluminium und Glas &#8211;<\/h2>\n<p>W\u00e4hrend die Technologien elektronischer Ger\u00e4te immer weiter voranschreiten, werden Produkte immer kleiner und Baugruppen zunehmend dichter.  Das \u00f6kologische Bewusstsein w\u00e4chst, und dies f\u00fchrte zu RoHS und anderen Umweltschutzrichtlinien, die bleifreies L\u00f6ten vorschreiben und einen Ausgleich der Beschr\u00e4nkungen halogenhaltiger Aktivatorbestandteile erforderlich machten. Hinzu kommt die Expansion neuerer Anwendungsbereiche, etwa des L\u00f6tens auf nichtmetallischen Materialien. Das L\u00f6ten bewegt sich so in einem sich st\u00e4ndig wandelnden Umfeld.Das optimale L\u00f6tverfahren ist mit Blick auf die gew\u00fcnschte Verbindungsfestigkeit, Best\u00e4ndigkeit, die Kosten und die Anwendungserfordernisse auszuw\u00e4hlen. Die automatischen L\u00f6tverfahren, das Kolben- Laser- und Ultraschall-L\u00f6ten, haben dabei ihre je individuellen Besonderheiten.<br \/>\nDie gew\u00e4hlte Methode muss mit  den spezifischen Anwendungserfordernissen \u00fcbereinstimmen.<\/p>\n<\/p><\/div>\n<ul class=\"banner\">\n<li>\n<div>\n<h2>KOLBEN<\/h2>\n<p>\t\t\t\t\t<a href=\"\/de\/method\/iron_tips.php\"><br \/>\n\t\t\t\t\t\t<img loading=\"lazy\" src=\"\/webroot\/img\/technique\/top\/btn_kote.png\" width=\"153\" height=\"148\" alt=\"\"><br \/>\n\t\t\t\t\t<\/a><\/p>\n<h3>Worin unterscheidet sich das Kolbenl\u00f6ten von anderen Verfahren? <\/h3>\n<\/p><\/div>\n<p class=\"small\">Bew\u00e4hrte Technik mit h\u00f6chster Verl\u00e4sslichkeit. Hier finden Sie einige grundlegende Informationen.<\/p>\n<\/li>\n<li>\n<div>\n<h2>LASER<\/h2>\n<p>\t\t\t\t\t<a href=\"\/de\/method\/laser.php\"><br \/>\n\t\t\t\t\t\t<img loading=\"lazy\" src=\"\/webroot\/img\/technique\/top\/btn_laser.png\" width=\"153\" height=\"148\" alt=\"\"><br \/>\n\t\t\t\t\t<\/a><\/p>\n<h3>Worin unterscheiden sich Kolben- und Laser-L\u00f6tverfahren?<\/h3>\n<\/p><\/div>\n<p class=\"small\">Beim Betrieb zu beachtende Vorsichtsma\u00dfnahmen werden ebenfalls erl\u00e4utert.<\/p>\n<\/li>\n<li>\n<div>\n<h2>ULTRASCHALL<\/h2>\n<p>\t\t\t\t\t<a href=\"\/de\/method\/ultrasonic.php\"><br \/>\n\t\t\t\t\t\t<img loading=\"lazy\" src=\"\/webroot\/img\/technique\/top\/btn_sonic.png\" width=\"153\" height=\"148\" alt=\"\"><br \/>\n\t\t\t\t\t<\/a><\/p>\n<h3>Warum ist mit Ultraschall sogar das L\u00f6ten auf Glas m\u00f6glich?<\/h3>\n<\/p><\/div>\n<p class=\"small\">Flussmittel m\u00f6glich. Die von konventionellen Verfahren abweichenden Prinzipien des Ultraschall-L\u00f6tens<\/p>\n<\/li>\n<\/ul><\/div>\n","protected":false},"excerpt":{"rendered":"<p>L\u00f6t-Technologie f\u00fcr einen sich stetig weiterentwickelnden Markt &#8211; L\u00f6ten, wo blo\u00dfes Kleben nicht gen\u00fcgt &#038; [&hellip;]<\/p>\n","protected":false},"author":1,"featured_media":905,"parent":0,"menu_order":34,"comment_status":"closed","ping_status":"closed","template":"","meta":[],"acf":[],"_links":{"self":[{"href":"https:\/\/www.japanunix.com\/de\/wp-json\/wp\/v2\/pages\/21"}],"collection":[{"href":"https:\/\/www.japanunix.com\/de\/wp-json\/wp\/v2\/pages"}],"about":[{"href":"https:\/\/www.japanunix.com\/de\/wp-json\/wp\/v2\/types\/page"}],"author":[{"embeddable":true,"href":"https:\/\/www.japanunix.com\/de\/wp-json\/wp\/v2\/users\/1"}],"replies":[{"embeddable":true,"href":"https:\/\/www.japanunix.com\/de\/wp-json\/wp\/v2\/comments?post=21"}],"version-history":[{"count":5,"href":"https:\/\/www.japanunix.com\/de\/wp-json\/wp\/v2\/pages\/21\/revisions"}],"predecessor-version":[{"id":805,"href":"https:\/\/www.japanunix.com\/de\/wp-json\/wp\/v2\/pages\/21\/revisions\/805"}],"wp:featuredmedia":[{"embeddable":true,"href":"https:\/\/www.japanunix.com\/de\/wp-json\/wp\/v2\/media\/905"}],"wp:attachment":[{"href":"https:\/\/www.japanunix.com\/de\/wp-json\/wp\/v2\/media?parent=21"}],"curies":[{"name":"wp","href":"https:\/\/api.w.org\/{rel}","templated":true}]}}