{"id":17,"date":"2016-08-23T11:15:52","date_gmt":"2016-08-23T02:15:52","guid":{"rendered":"http:\/\/cms.japanunix.com\/wp\/?page_id=17"},"modified":"2022-04-25T17:08:45","modified_gmt":"2022-04-25T08:08:45","slug":"automation","status":"publish","type":"page","link":"https:\/\/www.japanunix.com\/de\/products\/automation\/","title":{"rendered":"Automation"},"content":{"rendered":"<div class=\"section_1 section\">\n<div class=\"txt_and_img_section\">\n<div class=\"txt_section\">\n<h1><\/h1>\n<h2>SELECTIVL\u00d6TEN \/ L\u00d6TAUTOMATION<\/h2>\n<p>Die Produkte von Japan Unix bieten viele geniale L\u00f6sungen, die auf der Basis unserer einzigartigen L\u00f6t-Theorie und Expertise im Bereich Automation entwickelt wurden, von Mehrgelenk- und Tischrobotern zu Unit-Modellen.Die Palette umfasst eine ganz Reihe von Modellen, Automatisierungsoptionen und technischen Verfahren, aus der unsere Kunden die f\u00fcr ihre Bed\u00fcrfnisse optimal geeignete Konfiguration w\u00e4hlen k\u00f6nnen. Wir bieten die perfekte L\u00f6sung f\u00fcr Herausforderungen wie bleifreie Lote, w\u00e4rmeabf\u00fchrende Leiterplatten oder Bauteile mit hoher W\u00e4rmekapazit\u00e4t.<\/p>\n<\/p><\/div>\n<p>\t\t<img loading=\"lazy\" src=\"\/webroot\/img\/products\/automation\/top\/img.png\" width=\"142\" height=\"204\" alt=\"\">\n\t<\/div>\n<\/div>\n<div class=\"section_2 section\">\n<h2>3 WEGE ZUR AUTOMATION DES L\u00d6TENS<\/h2>\n<ul class=\"product_list\">\n<li>\n<div class=\"include_txt_img negative_margin\">\n\t\t\t\t<a href=\"\/de\/products\/integration\/integration.php\"><br \/>\n\t\t\t\t\t<img loading=\"lazy\" src=\"\/webroot\/img\/products\/automation\/top\/img_1.png\" width=\"204\" height=\"230\" alt=\"Systemintegration\"><br \/>\n\t\t\t\t\t<span class=\"product_name\">Systemintegration<\/span><br \/>\n\t\t\t\t<\/a>\n\t\t\t<\/div>\n<p>Integrierte Automation, inklusive Zuf\u00fchreinrichtung<\/p>\n<div class=\"introduction_set_list\">\n<div class=\"dot\"><img loading=\"lazy\" src=\"\/webroot\/img\/products\/common\/dots.png\" width=\"8\" height=\"37\" alt=\"\"><\/div>\n<p class=\"blue_box_bg\">L\u00f6tmodule<\/p>\n<p class=\"blue_box_bg\">Roboter<\/p>\n<p class=\"blue_box_bg\">Sicherheitsabdeckung<\/p>\n<p class=\"blue_box_bg\">Zuf\u00fchrung, weiteres<\/p>\n<div class=\"dot\"><img loading=\"lazy\" src=\"\/webroot\/img\/products\/common\/dots.png\" width=\"8\" height=\"37\" alt=\"\"><\/div>\n<p>\t\t\t\t<a class=\"deep_blue_box_bg\" href=\"\/de\/products\/integration\/integration.php\">Integration<\/a>\n\t\t\t<\/div>\n<\/li>\n<li>\n<div class=\"include_txt_img negative_margin\">\n\t\t\t\t<a href=\"\/de\/products\/700series\/700series_top.php\"><br \/>\n\t\t\t\t\t<img loading=\"lazy\" src=\"\/webroot\/img\/products\/automation\/top\/img_2.png\" width=\"204\" height=\"230\" alt=\"\"><br \/>\n\t\t\t\t\t<span class=\"product_name\">L\u00f6troboter<\/span><br \/>\n\t\t\t\t<\/a>\n\t\t\t<\/div>\n<p>Die weltweit meistverkauften L\u00f6troboter<\/p>\n<div class=\"introduction_set_list\">\n<div class=\"dot\"><img loading=\"lazy\" src=\"\/webroot\/img\/products\/common\/dots.png\" width=\"8\" height=\"37\" alt=\"\"><\/div>\n<p class=\"blue_box_bg\">L\u00f6tmodule<\/p>\n<p class=\"blue_box_bg\">Roboter<\/p>\n<p class=\"gray_box_bg\">Sicherheitsabdeckung<\/p>\n<p class=\"gray_box_bg\">Zuf\u00fchrung, weiteres<\/p>\n<div class=\"dot\"><img loading=\"lazy\" src=\"\/webroot\/img\/products\/common\/dots.png\" width=\"8\" height=\"37\" alt=\"\"><\/div>\n<p>\t\t\t\t<a class=\"deep_blue_box_bg\" href=\"\/de\/products\/700series\/700series_top.php\">700-Serie<\/a><br \/>\n\t\t\t\t<a class=\"deep_blue_box_bg\" href=\"\/de\/products\/410series\/410series_top.php\">410-Serie<\/a>\n\t\t\t<\/div>\n<\/li>\n<li class=\"last\">\n<div class=\"include_txt_img negative_margin\">\n\t\t\t\t<a href=\"\/de\/products\/unit\/unit_top.php\"><br \/>\n\t\t\t\t\t<img loading=\"lazy\" src=\"\/webroot\/img\/products\/automation\/top\/img_3.png\" width=\"204\" height=\"230\" alt=\"\"><br \/>\n\t\t\t\t\t<span class=\"product_name\">L\u00f6tmodule<\/span><br \/>\n\t\t\t\t<\/a>\n\t\t\t<\/div>\n<p>Automation bei Verwendung Ihrer eigenen Maschinen<\/p>\n<div class=\"introduction_set_list\">\n<div class=\"dot\"><img loading=\"lazy\" src=\"\/webroot\/img\/products\/common\/dots.png\" width=\"8\" height=\"37\" alt=\"\"><\/div>\n<p class=\"blue_box_bg\">L\u00f6tmodule<\/p>\n<p class=\"gray_box_bg\">Roboter<\/p>\n<p class=\"gray_box_bg\">Sicherheitsabdeckung<\/p>\n<p class=\"gray_box_bg\">Zuf\u00fchrung, weiteres<\/p>\n<div class=\"dot\"><img loading=\"lazy\" src=\"\/webroot\/img\/products\/common\/dots.png\" width=\"8\" height=\"37\" alt=\"\"><\/div>\n<p>\t\t\t\t<a class=\"deep_blue_box_bg\" href=\"\/de\/products\/unit\/unit_top.php\">Module \/ Komponenten<\/a>\n\t\t\t<\/div>\n<\/li>\n<\/ul>\n<\/div>\n<div class=\"option_slider_section section\">\n<h2>Zusatzoptionen<\/h2>\n<p class=\"txt\">Durch Kombination unserer vielf\u00e4ltigen Zusatzfunktionen erreichen Sie schnellere, k\u00fcrzere Ergebnisse mit h\u00f6herer Qualit\u00e4t und Pr\u00e4zision.<\/p>\n<div class=\"slide_wrap\">\n<div class=\"slide_view\">\n<ul class=\"list_options\">\n<li>\n                    <a href=\"\/de\/products\/option\/option_detail_1.php#lockon\"><img loading=\"lazy\" src=\"\/webroot\/img\/products\/automation\/410series\/41S\/slide_img\/img1.png\" width=\"157\" height=\"157\" alt=\"\"><\/a><\/p>\n<h3>Lock-On-Mechanismus<\/h3>\n<p>Verhindert das Verrutschen der Lotzuf\u00fchrung<\/p>\n<\/li>\n<li>\n                    <a href=\"\/de\/products\/laser\/unit_laser.php\"><img loading=\"lazy\" src=\"\/webroot\/img\/products\/automation\/410series\/41S\/slide_img\/img5.png\" width=\"157\" height=\"157\" alt=\"\"><\/a><\/p>\n<h3>Laser-Einheit<\/h3>\n<p>Kontaktloses L\u00f6ten mittels Laser<\/p>\n<\/li>\n<li>\n                    <a href=\"\/de\/products\/option\/option_detail_2.php#sending_device\"><img loading=\"lazy\" src=\"\/webroot\/img\/products\/automation\/700series\/700H\/slide_img\/img2.png\" width=\"157\" height=\"157\" alt=\"\"><\/a><\/p>\n<h3>Pr\u00e4zisionszuf\u00fchrung<\/h3>\n<p>Erm\u00f6glicht ultrafeines L\u00f6ten<\/p>\n<\/li>\n<li>\n                    <a href=\"\/de\/products\/option\/option_detail_1.php#img_position_revise\"><img loading=\"lazy\" src=\"\/webroot\/img\/products\/automation\/700series\/700H\/slide_img\/img3.png\" width=\"157\" height=\"157\" alt=\"\"><\/a><\/p>\n<h3>Optischer Sensor<\/h3>\n<p>Automatische Bildverarbeitung f\u00fcr pr\u00e4zises L\u00f6ten<\/p>\n<\/li>\n<\/ul><\/div>\n<div class=\"slide_btn_wrapper\">\n\t        <a href=\"#\" class=\"option_slide_prev\"><span>prev<\/span><\/a><br \/>\n\t\t\t<a href=\"#\" class=\"option_slide_next\"><span>next<\/span><\/a>\n\t\t<\/div>\n<\/p><\/div>\n<\/div>\n","protected":false},"excerpt":{"rendered":"<p>SELECTIVL\u00d6TEN \/ L\u00d6TAUTOMATION Die Produkte von Japan Unix bieten viele geniale L\u00f6sungen, die auf der Basis uns [&hellip;]<\/p>\n","protected":false},"author":1,"featured_media":902,"parent":14,"menu_order":6,"comment_status":"closed","ping_status":"closed","template":"","meta":[],"acf":[],"_links":{"self":[{"href":"https:\/\/www.japanunix.com\/de\/wp-json\/wp\/v2\/pages\/17"}],"collection":[{"href":"https:\/\/www.japanunix.com\/de\/wp-json\/wp\/v2\/pages"}],"about":[{"href":"https:\/\/www.japanunix.com\/de\/wp-json\/wp\/v2\/types\/page"}],"author":[{"embeddable":true,"href":"https:\/\/www.japanunix.com\/de\/wp-json\/wp\/v2\/users\/1"}],"replies":[{"embeddable":true,"href":"https:\/\/www.japanunix.com\/de\/wp-json\/wp\/v2\/comments?post=17"}],"version-history":[{"count":18,"href":"https:\/\/www.japanunix.com\/de\/wp-json\/wp\/v2\/pages\/17\/revisions"}],"predecessor-version":[{"id":1070,"href":"https:\/\/www.japanunix.com\/de\/wp-json\/wp\/v2\/pages\/17\/revisions\/1070"}],"up":[{"embeddable":true,"href":"https:\/\/www.japanunix.com\/de\/wp-json\/wp\/v2\/pages\/14"}],"wp:featuredmedia":[{"embeddable":true,"href":"https:\/\/www.japanunix.com\/de\/wp-json\/wp\/v2\/media\/902"}],"wp:attachment":[{"href":"https:\/\/www.japanunix.com\/de\/wp-json\/wp\/v2\/media?parent=17"}],"curies":[{"name":"wp","href":"https:\/\/api.w.org\/{rel}","templated":true}]}}