{"id":131,"date":"2016-08-23T12:01:56","date_gmt":"2016-08-23T03:01:56","guid":{"rendered":"http:\/\/cms.japanunix.com\/wp\/?page_id=131"},"modified":"2017-04-29T01:00:25","modified_gmt":"2017-04-28T16:00:25","slug":"philosophy","status":"publish","type":"page","link":"https:\/\/www.japanunix.com\/de\/corporate\/visions\/philosophy\/","title":{"rendered":"UNTERNEHMENSPHILOSOPHIE"},"content":{"rendered":"\n<div class=\"management_philosophy_txt\">\n<h3>[Managementprinzipien] St\u00e4ndiges Streben nach Sicherheit, Verl\u00e4sslichkeit und Konsequenz<\/h3>\n<p class=\"philosophy_txt\">Dies sind die unwandelbaren Prinzipien, an die wir seit unserer Gr\u00fcndung fest glauben. Wir versprechen unseren Kunden und Partnern, Mitarbeitern und ihren Familien, der Gesellschaft und den Verbrauchern, kontinuierliches Wachstum durch st\u00e4ndiges Streben nach Sicherheit, Verl\u00e4sslichkeit und Konsequenz.<\/p>\n<h3>[Unternehmensvision] Von Herstellern auf der ganzen Welt auch weiterhin als der beste Partner f\u00fcr L\u00f6tungen mit Originaltechnologie anerkannt sein<\/h3>\n<p class=\"philosophy_txt\">Seit unserer Gr\u00fcndung 1974 haben wir uns immer wieder der Innovation und dem Wandel verschrieben. Unsere L\u00f6ttechnologie hat sich immer weiter entwickelt und dabei die japanische Handwerkstradition ebenso gef\u00f6rdert, wie sie selbst dadurch gef\u00f6rdert wurde. Diese Technologie ist nun auf der ganzen Welt gefragt. Wir streben danach, mit unserer L\u00f6ttechnologie, die in Japan hervorgebracht wurde, wegweisend f\u00fcr die ganze Welt zu sein.<\/p>\n<h3>[Unsere Werte] Originelle Ideen sorgen daf\u00fcr, dass unsere L\u00f6ttechnologie immer einen Schritt voraus ist<\/h3>\n<p class=\"philosophy_txt\">Wir sind immer einen Schritt voraus, um echte Ma\u00dfst\u00e4be zu setzen. Seit seiner Gr\u00fcndung hat Japan Unix seinen Kunden stets L\u00f6sungen durch L\u00f6ttechnologie geboten. Wir vermeiden strikt jegliche Imitation, um durch unsere Originaltechnolgie und unsere reiche Erfahrung Dienste zu bieten, die sonst nirgendwo erh\u00e4ltlich sind. Au\u00dferdem sind wir nie mit dem zufrieden, was gerade existiert, sondern zielen auf nutzerfreundlichere und bessere Qualit\u00e4tsprodukte ab, indem wir stets nach Verbesserungen streben und nach neuen Herausforderungen suchen. Wir bieten echte L\u00f6sungen, die nur von uns geliefert werden. Dies sind die Werte, die wir der Welt schenken.<\/p>\n<h3>[Unsere Mission] Die L\u00f6ttechnologie der Welt vorw\u00e4rtstreiben und ihre Entwicklung voranbringen<\/h3>\n<p class=\"philosophy_txt\">Um dies zu erreichen bringen wir kontinuierlich viele hochqualifizierte Experten hervor, die nach Herausforderungen brennen. Wir arbeiten daran, die Entwicklung der L\u00f6ttechnologie voranzutreiben. Wir tun dies, um immer bessere Produkte f\u00fcr unsere Kunden zu schaffen und Menschen auf der ganzen Welt noch bessere Dienste zu leisten.<\/p>\n<h3>[Verhaltenskodex] Sich bei allen T\u00e4tigkeiten auch in der Alltagsroutine der eigenen Prinzipien bewusst sein<\/h3>\n<p>Unser Verhaltenskodex<\/p>\n<ul>\n<li class=\"norm_txt\">JAPAN-UNIX-Verhaltenskodex &#8211; 10 Regeln<\/li>\n<li>1. Sage niemals die Unwahrheit, und sei niemals selbsts\u00fcchtig<\/li>\n<li>2. Beachte sowohl die Regeln der Gesellschaft als auch die Gebote von Takt und guten Manieren<\/li>\n<li>3. Schmeichle nicht denen, die \u00fcber dir stehen, und blicke nicht herab auf die, die unter dir stehen<\/li>\n<li>4. Lass Menschen mit ihren Problemen nicht im Stich<\/li>\n<li>5. Halte stets deine Versprechen und lasse Worte und Taten nicht auseinanderklaffen<\/li>\n<li>6. Sei bescheiden, tratsche nicht und bringe niemanden in Schwierigkeiten<\/li>\n<li>7. Sei diszipliniert und tue anderen nichts, wovon du nicht willst, dass man es dir tue<\/li>\n<li>8. Wenn du dich zu etwas entschlossen hast, sei stark im Geiste, und gib auch bei Schwierigkeiten nicht auf<\/li>\n<li>9. Habe ein starkes, aber mitf\u00fchlendes Herz<\/li>\n<li>10. Habe ein r\u00fccksichtvolles Herz mit Sinn f\u00fcr Natur und Eleganz<\/li>\n<\/ul>\n<p>\t\t<span class=\"quotation\"><\/span>\n    \t<\/div>\n","protected":false},"excerpt":{"rendered":"<p>[Managementprinzipien] St\u00e4ndiges Streben nach Sicherheit, Verl\u00e4sslichkeit und Konsequenz Dies sind die unwande [&hellip;]<\/p>\n","protected":false},"author":1,"featured_media":0,"parent":129,"menu_order":75,"comment_status":"closed","ping_status":"closed","template":"","meta":[],"acf":[],"_links":{"self":[{"href":"https:\/\/www.japanunix.com\/de\/wp-json\/wp\/v2\/pages\/131"}],"collection":[{"href":"https:\/\/www.japanunix.com\/de\/wp-json\/wp\/v2\/pages"}],"about":[{"href":"https:\/\/www.japanunix.com\/de\/wp-json\/wp\/v2\/types\/page"}],"author":[{"embeddable":true,"href":"https:\/\/www.japanunix.com\/de\/wp-json\/wp\/v2\/users\/1"}],"replies":[{"embeddable":true,"href":"https:\/\/www.japanunix.com\/de\/wp-json\/wp\/v2\/comments?post=131"}],"version-history":[{"count":10,"href":"https:\/\/www.japanunix.com\/de\/wp-json\/wp\/v2\/pages\/131\/revisions"}],"predecessor-version":[{"id":851,"href":"https:\/\/www.japanunix.com\/de\/wp-json\/wp\/v2\/pages\/131\/revisions\/851"}],"up":[{"embeddable":true,"href":"https:\/\/www.japanunix.com\/de\/wp-json\/wp\/v2\/pages\/129"}],"wp:attachment":[{"href":"https:\/\/www.japanunix.com\/de\/wp-json\/wp\/v2\/media?parent=131"}],"curies":[{"name":"wp","href":"https:\/\/api.w.org\/{rel}","templated":true}]}}