{"id":127,"date":"2016-08-23T12:00:46","date_gmt":"2016-08-23T03:00:46","guid":{"rendered":"http:\/\/cms.japanunix.com\/wp\/?page_id=127"},"modified":"2017-04-29T00:47:43","modified_gmt":"2017-04-28T15:47:43","slug":"lab","status":"publish","type":"page","link":"https:\/\/www.japanunix.com\/de\/corporate\/lab\/","title":{"rendered":"L\u00f6t-Labore"},"content":{"rendered":"\n<div id=\"rd_center_page\">\n<div class=\"section\">\n<h2>Mehr als 1.000 Testanfragen j\u00e4hrlich von \u00fcberall auf der Welt<\/h2>\n<p>Die weltweit einzigen L\u00f6t-Forschungsinstitute (L\u00f6t-Labore) versammeln die neuesten L\u00f6tmaschinen und eine Vielzahl zus\u00e4tzlicher L\u00f6tausr\u00fcstung. In diesen Laboren werden die Grundlagen neuer Verfahren der L\u00f6t-Technologie mithilfe fortschrittlichster Analyse-Werkzeuge gelegt.<\/p>\n<ul id=\"rd_center_images\">\n<li class=\"box200\">\n\t\t\t\t\t<img loading=\"lazy\" src=\"\/webroot\/img\/company\/rd_center\/content1\/img1.png\" width=\"202\" height=\"204\" alt=\"\" \/><\/p>\n<h3>Mikro-Computertomograph<\/h3>\n<p>z.B. interne Erosion der L\u00f6tspitze, nicht-destruktive Inspektionen<\/p>\n<\/li>\n<li class=\"box200\">\n\t\t\t\t\t<img loading=\"lazy\" src=\"\/webroot\/img\/company\/rd_center\/content1\/img2.png\" width=\"202\" height=\"204\" alt=\"\" \/><\/p>\n<h3>Nano-Fokus-Computertomograph<\/h3>\n<p>z.B. nicht-destruktive Inspektion von Mikrorissen der L\u00f6tstelle<\/p>\n<\/li>\n<li class=\"box200 last\">\n\t\t\t\t\t<img loading=\"lazy\" src=\"\/webroot\/img\/company\/rd_center\/content1\/img3.png\" width=\"202\" height=\"204\" alt=\"\" \/><\/p>\n<h3>Testapparat f\u00fcr Dehnungsfestigkeit<\/h3>\n<p>Analyse der Bindungsfestigkeit<\/p>\n<\/li>\n<li class=\"box200 clear_both\">\n\t\t\t\t\t<img loading=\"lazy\" src=\"\/webroot\/img\/company\/rd_center\/content1\/img4.png\" width=\"202\" height=\"204\" alt=\"\" \/><\/p>\n<h3>Analyse des L\u00f6tzustandes (Rasterelektronenmikroskop)<\/h3>\n<\/li>\n<li class=\"box200\">\n\t\t\t\t\t<img loading=\"lazy\" src=\"\/webroot\/img\/company\/rd_center\/content1\/img5.png\" width=\"202\" height=\"204\" alt=\"\" \/><\/p>\n<h3>Untersuchung von Leiterplatten und L\u00f6tspitzen (CT-Scan)<\/h3>\n<\/li>\n<li class=\"box200 last\">\n\t\t\t\t\t<img loading=\"lazy\" src=\"\/webroot\/img\/company\/rd_center\/content1\/img6.png\" width=\"202\" height=\"204\" alt=\"\" \/><\/p>\n<h3>Experimente mit L\u00f6trobotern<\/h3>\n<\/li>\n<\/ul>\n<p class=\"rd_center_text\">Die Anzahl an L\u00f6t-Test, die tagt\u00e4glich zur Durchf\u00fchrung und Pr\u00fcfung an uns herangetragen werden, erreicht mehr als 1.000 im Jahr. Sie umfassen zuvor nicht durchgef\u00fchrte und h\u00f6chst schwierige Anfragen, f\u00fcr die die Kunden selbst keine L\u00f6sung fanden. Hier stellen wir einige Beispiele daf\u00fcr vor, wie mithilfe des L\u00f6t-Labors die L\u00f6tqualit\u00e4t ermittelt und gekl\u00e4rt werden kann. <\/p>\n<\/p><\/div>\n<div class=\"section\">\n<div class=\"title\">\n<h2>Pr\u00fcfung der Festigkeit von L\u00f6tstellen<\/h2>\n<\/div>\n<div id=\"rd_center_images\">\n<div class=\"box200\">\n\t\t\t\t\t<img loading=\"lazy\" src=\"\/webroot\/img\/company\/rd_center\/content2\/img1.png\" width=\"202\" height=\"204\" alt=\"\" \/><\/p>\n<h3>Schl\u00fcssigkeit der Verbindung von L\u00f6tstelle und Tr\u00e4ger<\/h3>\n<\/p><\/div>\n<div class=\"box200\">\n\t\t\t\t\t<img loading=\"lazy\" src=\"\/webroot\/img\/company\/rd_center\/content2\/img2.png\" width=\"202\" height=\"204\" alt=\"\" \/><\/p>\n<h3>Analyse zwischenmetallischer Verbindungen<\/h3>\n<\/p><\/div>\n<div class=\"box200 last\">\n\t\t\t\t\t<img loading=\"lazy\" src=\"\/webroot\/img\/company\/rd_center\/content2\/img3.png\" width=\"202\" height=\"204\" alt=\"\" \/><\/p>\n<h3>Ansicht der Diffusionsschicht<\/h3>\n<\/p><\/div>\n<\/p><\/div>\n<\/p><\/div>\n<div class=\"section\">\n<div class=\"title\">\n<h2>Nicht-destruktive Pr\u00fcfung der L\u00f6tspitzen-Benetzbarkeit<\/h2>\n<\/div>\n<div id=\"rd_center_images\">\n<div class=\"box200\">\n\t\t\t\t\t<img loading=\"lazy\" src=\"\/webroot\/img\/company\/rd_center\/content3\/img1.png\" width=\"202\" height=\"204\" alt=\"\" \/><\/p>\n<h3>Inneres einer neuwertigen Spitze<\/h3>\n<\/p><\/div>\n<div class=\"box200\">\n\t\t\t\t\t<img loading=\"lazy\" src=\"\/webroot\/img\/company\/rd_center\/content3\/img2.png\" width=\"202\" height=\"204\" alt=\"\" \/><\/p>\n<h3>Eine im Inneren der L\u00f6tspitze entdeckte Erosion<br \/>(ein Hohlraum)<\/h3>\n<\/p><\/div>\n<div class=\"box200 last\">\n\t\t\t\t\t<img loading=\"lazy\" src=\"\/webroot\/img\/company\/rd_center\/content3\/img3.png\" width=\"202\" height=\"204\" alt=\"\" \/><\/p>\n<h3>F\u00fcr das Auge nicht sichtbare Unregelm\u00e4\u00dfigkeit<br \/>(gepr\u00fcfte Spitze)<\/h3>\n<\/p><\/div>\n<\/p><\/div>\n<\/p><\/div>\n<div class=\"section side\">\n<div class=\"title\">\n<h2>L\u00f6tzustand eines versiegelten Produkts<\/h2>\n<\/div>\n<div id=\"rd_center_images\">\n<div class=\"box200\">\n\t\t\t\t\t<img loading=\"lazy\" src=\"\/webroot\/img\/company\/rd_center\/content4\/img1.png\" width=\"202\" height=\"204\" alt=\"\" \/><\/p>\n<h3>Pr\u00fcfung der L\u00f6teigenschaften bei Durchloch-Best\u00fcckung<\/h3>\n<\/p><\/div>\n<\/p><\/div>\n<\/p><\/div>\n<div class=\"section side last\">\n<div class=\"title\">\n<h2>Durchloch-R\u00f6ntgenanalyse<\/h2>\n<\/div>\n<div id=\"rd_center_images\">\n<div class=\"box200\">\n\t\t\t\t\t<img loading=\"lazy\" src=\"\/webroot\/img\/company\/rd_center\/content5\/img1.png\" width=\"202\" height=\"204\" alt=\"\" \/><\/p>\n<h3>Es wurden L\u00f6cher und Risse entdeckt, die von Au\u00dfen nicht sichtbar sind<\/h3>\n<\/p><\/div>\n<\/p><\/div>\n<\/p><\/div>\n<\/p><\/div>\n<div id=\"soldering_branches\">\n<p class=\"soldering_text\">Unsere L\u00f6t-Labore besch\u00e4ftigen spezialisierte, erfahrene Ingenieure mit neuesten Werkzeugen und sie etablierten Theorien des L\u00f6tens, um den Bed\u00fcrfnissen und Herausforderungen einer gro\u00dfen Vielzahl von Kunden gerecht werden zu k\u00f6nnen.<br \/>\nBitte kontaktieren Sie uns, wenn Sie unsere Erfahrung und unser K\u00f6nnen zur L\u00f6sung Ihrer L\u00f6t-Probleme in Anspruch nehmen m\u00f6chten.<\/p>\n<div class=\"section\">\n<div class=\"title\">\n<h2>Weitere Beispiele<\/h2>\n<\/div>\n<div id=\"rd_center_images\" class=\"border_img\">\n<div class=\"box200\">\n\t\t\t\t\t<img loading=\"lazy\" src=\"\/webroot\/img\/company\/rd_center\/content6\/img1.png\" width=\"202\" height=\"204\" alt=\"\" \/><\/p>\n<h3>SEM-Analyse der L\u00f6tstelle auf einer Aluminiumplatte (1.000fach)<\/h3>\n<\/p><\/div>\n<div class=\"video_one\">\n\t<a class=\"popup_video\" href=\"#popup_video\"><br \/>\n        <img loading=\"lazy\" class=\"video_cover\" src=\"\/webroot\/img\/movie\/video_non.png\" width=\"288\" height=\"206\" alt=\"\"><br \/>\n        <img loading=\"lazy\" src=\"\/webroot\/img\/movie\/r&#038;d.png\" width=\"288\" height=\"206\" alt=\"\"><br \/>\n        <span>0:08<\/span><br \/>\n    <\/a><\/p>\n<h3>R\u00f6ntgen-Pr\u00fcfbild von L\u00f6tspitzen<\/h3>\n<p class=\"small\">Eine L\u00f6tspitze wird auf innere Erosionen (wie Hohlr\u00e4ume) hin \u00fcberpr\u00fcft.<\/p>\n<\/p><\/div>\n<\/p><\/div>\n<\/p><\/div>\n<div id=\"soldering_branches\">\n<div class=\"soldering_address\">\n<h2>L\u00f6t-Labor Tokio<\/h2>\n<\/p><\/div>\n<div class=\"soldering_address\">\n<h2>L\u00f6t-Labor Zweigstelle (Tokio)<\/h2>\n<\/p><\/div>\n<div class=\"soldering_address\">\n<h2>L\u00f6t-Labor Osaka<\/h2>\n<\/p><\/div>\n<div class=\"soldering_address\">\n<h2>L\u00f6t-Labor Nagoya<\/h2>\n<\/p><\/div>\n<\/p><\/div>\n<\/p><\/div>\n","protected":false},"excerpt":{"rendered":"<p>Mehr als 1.000 Testanfragen j\u00e4hrlich von \u00fcberall auf der Welt Die weltweit einzigen L\u00f6t-Forschungsinstitute (L [&hellip;]<\/p>\n","protected":false},"author":1,"featured_media":682,"parent":33,"menu_order":72,"comment_status":"closed","ping_status":"closed","template":"","meta":[],"acf":[],"_links":{"self":[{"href":"https:\/\/www.japanunix.com\/de\/wp-json\/wp\/v2\/pages\/127"}],"collection":[{"href":"https:\/\/www.japanunix.com\/de\/wp-json\/wp\/v2\/pages"}],"about":[{"href":"https:\/\/www.japanunix.com\/de\/wp-json\/wp\/v2\/types\/page"}],"author":[{"embeddable":true,"href":"https:\/\/www.japanunix.com\/de\/wp-json\/wp\/v2\/users\/1"}],"replies":[{"embeddable":true,"href":"https:\/\/www.japanunix.com\/de\/wp-json\/wp\/v2\/comments?post=127"}],"version-history":[{"count":5,"href":"https:\/\/www.japanunix.com\/de\/wp-json\/wp\/v2\/pages\/127\/revisions"}],"predecessor-version":[{"id":840,"href":"https:\/\/www.japanunix.com\/de\/wp-json\/wp\/v2\/pages\/127\/revisions\/840"}],"up":[{"embeddable":true,"href":"https:\/\/www.japanunix.com\/de\/wp-json\/wp\/v2\/pages\/33"}],"wp:featuredmedia":[{"embeddable":true,"href":"https:\/\/www.japanunix.com\/de\/wp-json\/wp\/v2\/media\/682"}],"wp:attachment":[{"href":"https:\/\/www.japanunix.com\/de\/wp-json\/wp\/v2\/media?parent=127"}],"curies":[{"name":"wp","href":"https:\/\/api.w.org\/{rel}","templated":true}]}}