{"id":121,"date":"2016-08-23T11:59:19","date_gmt":"2016-08-23T02:59:19","guid":{"rendered":"http:\/\/cms.japanunix.com\/wp\/?page_id=121"},"modified":"2021-08-02T17:54:05","modified_gmt":"2021-08-02T08:54:05","slug":"history","status":"publish","type":"page","link":"https:\/\/www.japanunix.com\/de\/corporate\/outline\/history\/","title":{"rendered":"Geschichte"},"content":{"rendered":"<br \/>\n<table>\n<tr>\n<td valign=\"top\" class=\"office_section\"><img loading=\"lazy\" src=\"\/webroot\/img\/company\/history\/leftside_img\/img_1.png\" width=\"74\" height=\"74\" alt=\"\"><\/td>\n<td class=\"year start\">1974Gr\u00fcndung<\/td>\n<td class=\"dot\"><img src=\"\/webroot\/img\/company\/history\/navi.png\" alt=\"\"><\/td>\n<td class=\"contents\">Erzielte den weltweit ersten 3m\/m-hochfeinen CA-Sensor<\/td>\n<td valign=\"top\" ><img src=\"\/webroot\/img\/company\/history\/rightside_img\/img_1.png\" alt=\"\"><\/td>\n<\/tr>\n<tr>\n<td valign=\"top\" class=\"office_section\"><img loading=\"lazy\" src=\"\/webroot\/img\/company\/history\/leftside_img\/img_2.png\" width=\"74\" height=\"74\" alt=\"\"><\/p>\n<p>1984 Fabrik in Noborito<\/p>\n<\/td>\n<td class=\"year\">1979<\/td>\n<td class=\"dot\"><img src=\"\/webroot\/img\/company\/history\/navi.png\" alt=\"\"><\/td>\n<td class=\"contents\">Entwicklung und Verkauf eines 2-Achs-L\u00f6troboters<\/td>\n<td valign=\"top\" class=\"product\"><img src=\"\/webroot\/img\/company\/history\/rightside_img\/img_2.png\" alt=\"\"><\/td>\n<\/tr>\n<tr>\n<td valign=\"top\" class=\"office_section\">\n\t\t\t\t<img loading=\"lazy\" src=\"\/webroot\/img\/company\/history\/leftside_img\/img_3.png\" width=\"74\" height=\"74\" alt=\"\"><br \/>\n\t\t\t\t<img loading=\"lazy\" src=\"\/webroot\/img\/company\/history\/leftside_img\/img_4.png\" width=\"74\" height=\"74\" alt=\"\"><\/p>\n<p>1985  Hauptsitz nach Akasaka, Tokyo, verlegt<\/p>\n<\/td>\n<td class=\"year\">1985<\/td>\n<td class=\"dot\"><img src=\"\/webroot\/img\/company\/history\/navi.png\" alt=\"\"><\/td>\n<td class=\"contents\">Erfolgreiche Entwicklung des 5-Achs-L\u00f6troboters<\/td>\n<td valign=\"top\" class=\"product\"><img loading=\"lazy\" src=\"\/webroot\/img\/company\/history\/rightside_img\/img_3.png\" width=\"74\" height=\"74\" alt=\"\"><\/td>\n<\/tr>\n<tr>\n<td valign=\"top\" class=\"office_section\">\n\t\t\t\t<img loading=\"lazy\" src=\"\/webroot\/img\/company\/history\/leftside_img\/img_5.png\" width=\"74\" height=\"74\" alt=\"\"><br \/>\n\t\t\t\t<img loading=\"lazy\" src=\"\/webroot\/img\/company\/history\/leftside_img\/img_6.png\" width=\"74\" height=\"74\" alt=\"\"><\/p>\n<p>1993 Zweigstelle in Osaka 1993 Zweigstelle in Nagoya<\/p>\n<\/td>\n<td class=\"year\">1988<\/td>\n<td class=\"dot\"><img src=\"\/webroot\/img\/company\/history\/navi.png\" alt=\"\"><\/td>\n<td class=\"contents\">Vorstellung einer neuentwickelten  5-Achs-Punktl\u00f6troboter-Reihe<\/td>\n<td valign=\"top\" class=\"product\">\n\t\t\t\t<img loading=\"lazy\" src=\"\/webroot\/img\/company\/history\/rightside_img\/img_4.png\" width=\"74\" height=\"74\" alt=\"\"><br \/>\n\t\t\t\t<img loading=\"lazy\" src=\"\/webroot\/img\/company\/history\/rightside_img\/img_5.png\" width=\"74\" height=\"74\" alt=\"\">\n\t\t\t<\/td>\n<\/tr>\n<tr>\n<td valign=\"top\" class=\"office_section only_txt\">\n<\/td>\n<td class=\"year\">1994<\/td>\n<td class=\"dot\"><img src=\"\/webroot\/img\/company\/history\/navi.png\" alt=\"\"><\/td>\n<td class=\"contents\">UNIX-531E III wird vorgestellt Fr\u00fches Konzept der &#8220;UNIX-411&#8221; Tischroboter-Reihe<\/td>\n<td valign=\"top\" class=\"product\"><img loading=\"lazy\" src=\"\/webroot\/img\/company\/history\/rightside_img\/img_6.png\" width=\"74\" height=\"74\" alt=\"\"><\/td>\n<\/tr>\n<tr>\n<td valign=\"top\" class=\"office_section\">\n\t\t\t\t<img loading=\"lazy\" src=\"\/webroot\/img\/company\/history\/leftside_img\/img_7.png\" width=\"74\" height=\"74\" alt=\"\"><\/p>\n<p>1999 Niederlassung in Seoul, S\u00fcd-Korea<\/p>\n<\/td>\n<td class=\"year\">1999<\/td>\n<td class=\"dot\"><img src=\"\/webroot\/img\/company\/history\/navi.png\" alt=\"\"><\/td>\n<td class=\"contents\">Entwicklung der weltweit besten L\u00f6teinheit, Unterst\u00fctzung f\u00fcr bleifreies L\u00f6ten<\/td>\n<td valign=\"top\" class=\"product\">\n\t\t\t\t<img loading=\"lazy\" src=\"\/webroot\/img\/company\/history\/rightside_img\/img_7.png\" width=\"74\" height=\"74\" alt=\"\"><br \/>\n\t\t\t\t<img loading=\"lazy\" src=\"\/webroot\/img\/company\/history\/rightside_img\/img_8.png\" width=\"74\" height=\"74\" alt=\"\">\n\t\t\t<\/td>\n<\/tr>\n<tr>\n<td valign=\"top\" class=\"office_section\">\n\t\t\t\t<img loading=\"lazy\" src=\"\/webroot\/img\/company\/history\/leftside_img\/img_8.png\" width=\"74\" height=\"74\" alt=\"\"><br \/>\n\t\t\t\t<img loading=\"lazy\" src=\"\/webroot\/img\/company\/history\/leftside_img\/img_9.png\" width=\"74\" height=\"74\" alt=\"\"><\/p>\n<\/td>\n<td class=\"year\">2002<\/td>\n<td class=\"dot\"><img src=\"\/webroot\/img\/company\/history\/navi.png\" alt=\"\"><\/td>\n<td class=\"contents\">Vorstellung der Tischroboter-Reihe 410R, Entwicklung des weltweit ersten Laserl\u00f6tsystems<\/td>\n<td valign=\"top\" class=\"product\">\n\t\t\t\t<img loading=\"lazy\" src=\"\/webroot\/img\/company\/history\/rightside_img\/img_9.png\" width=\"74\" height=\"74\" alt=\"\"><br \/>\n\t\t\t\t<img loading=\"lazy\" src=\"\/webroot\/img\/company\/history\/rightside_img\/img_10.png\" width=\"74\" height=\"74\" alt=\"\">\n\t\t\t<\/td>\n<\/tr>\n<tr>\n<td valign=\"top\" class=\"office_section\">\n\t\t\t\t<img loading=\"lazy\" src=\"\/webroot\/img\/company\/history\/leftside_img\/img_10.png\" width=\"74\" height=\"74\" alt=\"\"><br \/>\n\t\t\t\t<img loading=\"lazy\" src=\"\/webroot\/img\/company\/history\/leftside_img\/img_11.png\" width=\"74\" height=\"74\" alt=\"\"><\/p>\n<p>2005 Niederlassung in Shenzhen, China 2006 Niederlassung in Penang, Malaysia, er\u00f6ffnet<\/p>\n<\/td>\n<td class=\"year\">2005<\/td>\n<td class=\"dot\"><img src=\"\/webroot\/img\/company\/history\/navi.png\" alt=\"\"><\/td>\n<td class=\"contents\">Laserl\u00f6tsystem der LS-Reihe mit Zuf\u00fchrung wird auf den Markt gebracht<\/td>\n<td valign=\"top\" class=\"product\"><img loading=\"lazy\" src=\"\/webroot\/img\/company\/history\/rightside_img\/img_11.png\" width=\"74\" height=\"74\" alt=\"\"><\/td>\n<\/tr>\n<tr>\n<td valign=\"top\" rowspan=\"2\" class=\"office_section\">\n\t\t\t\t<img loading=\"lazy\" src=\"\/webroot\/img\/company\/history\/leftside_img\/img_12.png\" width=\"74\" height=\"74\" alt=\"\"><br \/>\n\t\t\t\t<img loading=\"lazy\" src=\"\/webroot\/img\/company\/history\/leftside_img\/img_13.png\" width=\"74\" height=\"74\" alt=\"\"><\/p>\n<p>2008 Niederlassung in Taipei, Taiwan, er\u00f6ffnet 2012 Zweigniederlassung L\u00f6t-Laboratorium (Tokio)2012 Beginn der Forschungs-Zusammenarbeit mit der Stadt Tokio <\/p>\n<p>\t\t\t\t<img loading=\"lazy\" src=\"\/webroot\/img\/company\/history\/leftside_img\/img_14.png\" width=\"74\" height=\"74\" alt=\"\"><\/p>\n<p>2013 Niederlassung in Guadalajara, Mexico<\/p>\n<\/td>\n<td class=\"year\">2009<\/td>\n<td class=\"dot\"><img src=\"\/webroot\/img\/company\/history\/navi.png\" alt=\"\"><\/td>\n<td class=\"contents\">Entwicklung und erster Verkauf der Spitzen-Reihe 700 Entwicklung des Ultraschall-L\u00f6tsystems UNISONIK<\/td>\n<td valign=\"top\" class=\"product\" rowspan=\"2\">\n\t\t\t\t<img loading=\"lazy\" src=\"\/webroot\/img\/company\/history\/rightside_img\/img_12.png\" width=\"74\" height=\"74\" alt=\"\"><br \/>\n\t\t\t\t<img loading=\"lazy\" src=\"\/webroot\/img\/company\/history\/rightside_img\/img_13.png\" width=\"74\" height=\"74\" alt=\"\"><br \/>\n \t\t\t\t<img loading=\"lazy\" src=\"\/webroot\/img\/company\/history\/rightside_img\/img_14.png\" width=\"74\" height=\"74\" alt=\"\"><br \/>\n \t\t\t\t<img loading=\"lazy\" src=\"\/webroot\/img\/company\/history\/rightside_img\/img_15.png\" width=\"74\" height=\"74\" alt=\"\"><br \/>\n\t\t\t\t<img loading=\"lazy\" src=\"\/webroot\/img\/company\/history\/rightside_img\/img_16.png\" width=\"74\" height=\"74\" alt=\"\">\n\t\t\t<\/td>\n<\/tr>\n<tr>\n<td class=\"year last\">2012<\/td>\n<td class=\"dot\"><img src=\"\/webroot\/img\/company\/history\/navi.png\" alt=\"\"><br \/><img src=\"\/webroot\/img\/company\/history\/arrow.png\" alt=\"\"><\/td>\n<td class=\"contents last\">Erfolgreiche Entwicklung des vollautomatischen Zweiarm-L\u00f6troboters UNIVERSE S Vorreiter im Bereich 15W Niedrigenergie- und 75W Hochenergie-Laserl\u00f6ten<\/td>\n<\/tr>\n<\/table>\n","protected":false},"excerpt":{"rendered":"<p>1974Gr\u00fcndung Erzielte den weltweit ersten 3m\/m-hochfeinen CA-Sensor 1984 Fabrik in Noborito 1979 Entwicklung u [&hellip;]<\/p>\n","protected":false},"author":1,"featured_media":0,"parent":119,"menu_order":58,"comment_status":"closed","ping_status":"closed","template":"","meta":[],"acf":[],"_links":{"self":[{"href":"https:\/\/www.japanunix.com\/de\/wp-json\/wp\/v2\/pages\/121"}],"collection":[{"href":"https:\/\/www.japanunix.com\/de\/wp-json\/wp\/v2\/pages"}],"about":[{"href":"https:\/\/www.japanunix.com\/de\/wp-json\/wp\/v2\/types\/page"}],"author":[{"embeddable":true,"href":"https:\/\/www.japanunix.com\/de\/wp-json\/wp\/v2\/users\/1"}],"replies":[{"embeddable":true,"href":"https:\/\/www.japanunix.com\/de\/wp-json\/wp\/v2\/comments?post=121"}],"version-history":[{"count":5,"href":"https:\/\/www.japanunix.com\/de\/wp-json\/wp\/v2\/pages\/121\/revisions"}],"predecessor-version":[{"id":1039,"href":"https:\/\/www.japanunix.com\/de\/wp-json\/wp\/v2\/pages\/121\/revisions\/1039"}],"up":[{"embeddable":true,"href":"https:\/\/www.japanunix.com\/de\/wp-json\/wp\/v2\/pages\/119"}],"wp:attachment":[{"href":"https:\/\/www.japanunix.com\/de\/wp-json\/wp\/v2\/media?parent=121"}],"curies":[{"name":"wp","href":"https:\/\/api.w.org\/{rel}","templated":true}]}}