{"id":119,"date":"2016-08-23T11:58:56","date_gmt":"2016-08-23T02:58:56","guid":{"rendered":"http:\/\/cms.japanunix.com\/wp\/?page_id=119"},"modified":"2018-07-09T09:15:12","modified_gmt":"2018-07-09T00:15:12","slug":"outline","status":"publish","type":"page","link":"https:\/\/www.japanunix.com\/de\/corporate\/outline\/","title":{"rendered":"\u00dcberblick"},"content":{"rendered":"<br \/>\n<table class=\"corporate_profile\">\n<tr>\n<th>Unternehmens-Name<\/th>\n<td>JAPAN UNIX CO., LTD.<\/td>\n<\/tr>\n<tr>\n<th>Gegr\u00fcndet<\/th>\n<td>1974<\/td>\n<\/tr>\n<tr>\n<th>Vorstandsvorsitzender<\/th>\n<td>Shozo Kono<\/td>\n<\/tr>\n<tr>\n<th>Vorsitzender<\/th>\n<td>Hirofumi Kono<\/td>\n<\/tr>\n<tr>\n<th>Hauptsitz<\/th>\n<td>\n<p>2-21-25 Akasaka, Minato-ku,<br \/>Tokyo JAPAN,107-0052<\/p>\n<p>\t\t\t\t<a class=\"access\" href=\"https:\/\/www.japanunix.com\/de\/corporate\/domestic\/tokyo\/\" onclick=\n\"window.open(this.href,'foo','width=490,height=810,scrollbars=yes'); return false;\">Anfahrt<\/a><\/p>\n<div class=\"base\">\n\t\t\t\t\t<a href=\"\/de\/company\/domestic.php\">Weitere heimische Standorte<\/a><br \/>\n\t\t\t\t\t<a href=\"\/de\/company\/global_network.php\">Andere Standorte im Ausland<\/a>\n\t\t\t\t<\/div>\n<\/td>\n<\/tr>\n<tr>\n<th>Grundkapital<\/th>\n<td>\u00a530,000,000<\/td>\n<\/tr>\n<tr>\n<th>Gesch\u00e4ftsbereiche<\/th>\n<td>Design, Entwicklung, Fertigung, Verkauf und Export von L\u00f6tausr\u00fcstung Design, Entwicklung, Fertigung, Verkauf und Export von L\u00f6t-Fabrikanlagen und Vorrichtungen Import und Verkauf von L\u00f6tausr\u00fcstung Design, Entwicklung, Fertigung, Verkauf und Export von anderen Pr\u00e4zisionsger\u00e4ten<\/td>\n<\/tr>\n<tr>\n<th>Vorstand<\/th>\n<td>Kentaro Kono, Norihisa Kyoden<\/td>\n<\/tr>\n<tr>\n<th>Mitarbeiter<\/th>\n<td>110<\/td>\n<\/tr>\n<tr>\n<th>Internationale Norm-Zertifikation<\/th>\n<td>ISO9001 Quality Management<\/td>\n<\/tr>\n<div class=\"iso_logo\" ><img loading=\"lazy\" src=\"\/webroot\/img\/company\/iso_logo.png\" width=\"80\" height=\"51\" alt=\"\"><\/div>\n<tr>\n<th>IPC certified training center<\/th>\n<td>IPC-A-610, J-STD-001<\/td>\n<\/tr>\n<\/table>\n","protected":false},"excerpt":{"rendered":"<p>Unternehmens-Name JAPAN UNIX CO., LTD. Gegr\u00fcndet 1974 Vorstandsvorsitzender Shozo Kono Vorsitzender Hirofumi K [&hellip;]<\/p>\n","protected":false},"author":1,"featured_media":0,"parent":33,"menu_order":57,"comment_status":"closed","ping_status":"closed","template":"","meta":[],"acf":[],"_links":{"self":[{"href":"https:\/\/www.japanunix.com\/de\/wp-json\/wp\/v2\/pages\/119"}],"collection":[{"href":"https:\/\/www.japanunix.com\/de\/wp-json\/wp\/v2\/pages"}],"about":[{"href":"https:\/\/www.japanunix.com\/de\/wp-json\/wp\/v2\/types\/page"}],"author":[{"embeddable":true,"href":"https:\/\/www.japanunix.com\/de\/wp-json\/wp\/v2\/users\/1"}],"replies":[{"embeddable":true,"href":"https:\/\/www.japanunix.com\/de\/wp-json\/wp\/v2\/comments?post=119"}],"version-history":[{"count":9,"href":"https:\/\/www.japanunix.com\/de\/wp-json\/wp\/v2\/pages\/119\/revisions"}],"predecessor-version":[{"id":952,"href":"https:\/\/www.japanunix.com\/de\/wp-json\/wp\/v2\/pages\/119\/revisions\/952"}],"up":[{"embeddable":true,"href":"https:\/\/www.japanunix.com\/de\/wp-json\/wp\/v2\/pages\/33"}],"wp:attachment":[{"href":"https:\/\/www.japanunix.com\/de\/wp-json\/wp\/v2\/media?parent=119"}],"curies":[{"name":"wp","href":"https:\/\/api.w.org\/{rel}","templated":true}]}}