{"id":1004,"date":"2019-11-19T17:28:53","date_gmt":"2019-11-19T08:28:53","guid":{"rendered":"https:\/\/www.japanunix.com\/de\/?page_id=1004"},"modified":"2019-11-20T14:00:44","modified_gmt":"2019-11-20T05:00:44","slug":"soldering_manager","status":"publish","type":"page","link":"https:\/\/www.japanunix.com\/de\/products\/automation\/soldering_manager\/","title":{"rendered":"L\u00f6troboter-Management-Software"},"content":{"rendered":"<div class=\"section_1 section_1df section\">\n<ul class=\"frame\">\n<li class=\"w560\">\n<h1>L\u00f6troboter-Management-Software<\/h1>\n<h2>Um L\u00f6t-IdD aus den operativen Bereichen zu implementieren<br \/>\n&#8211; Soldering Manager<\/h2>\n<p>F\u00fcr die Manager am Aufstellungsort ist es sehr wichtig, den Zustand der Ger\u00e4te jederzeit zu erfassen und aufzuzeichnen.<br \/>\nEs ist jedoch schwierig, die Ger\u00e4te w\u00e4hrend des Betriebs zu \u00fcberwachen \u2013 und nach dem Auftreten eines Problems ist die Ermittlung der Ursache dann nicht einfach.<br \/>\nDer L\u00f6tmanager \u00fcberwacht den Status des L\u00f6troboters und sammelt und speichert automatisch Prozessdaten.<br \/>\nDiese Daten k\u00f6nnen auf verschiedene Arten genutzt werden. Dies ist der allererste Schritt, um L\u00f6t-IdD ohne besondere Kenntnisse zu implementieren.<\/p>\n<\/li>\n<li>\n\t\t<img src=\"\/webroot\/img\/products\/automation\/soldering_manager\/soldering_manager1.png\" width=\"202\" alt=\"Um L\u00f6t-IdD aus den operativen Bereichen zu implementieren- Soldering Manager\">\n\t<\/li>\n<\/ul>\n<div class=\"border\">\n<h2>Beispiele f\u00fcr L\u00f6tprozessdaten<\/h2>\n<ul class=\"case\">\n<li>\u30fbBei der Wartung: Alarmverlauf des Roboters\/Heizers, Korrekturaufzeichnungen der Position der Eisenspitze<\/li>\n<li>\u30fbW\u00e4hrend des Betriebs: PCB-Identifizierungscode, LOT-Nummer, Heizertemperatur, Vorschubdaten, Anzahl der Spitzensch\u00fcsse<\/li>\n<li>\u30fbProzessdaten: Die Anzahl der Spitzensch\u00fcsse, die Anzahl der Zyklen, die Menge des L\u00f6tmittelvorschubs f\u00fcr Einzelzyklen oder Gesamtzyklen, die Gesamtbetriebsstunden usw. <\/li>\n<li>\u203bDar\u00fcber hinaus k\u00f6nnen auch andere Daten erfasst werden. Bitte <a href=\"https:\/\/www.japanunix.com\/de\/form\/contact.php\">kontaktieren<\/a> Sie uns, um Details zu erfahren.<\/li>\n<\/ul>\n<\/div>\n<div class=\"border\">\n<h2>Software-Schnittstelle<\/h2>\n<p><img src=\"\/webroot\/img\/products\/automation\/soldering_manager\/soldering_manager2_de.png\" width=\"800\" alt=\"Software-Schnittstelle\">\n<\/div>\n<div class=\"border\">\n<h2>Funktionen<\/h2>\n<ul class=\"features\">\n<li>\n\t\t<img src=\"\/webroot\/img\/products\/automation\/soldering_manager\/soldering_manager3.png\" width=\"226\" alt=\"VERBINDEN\"><\/p>\n<div class=\"txt\">\n<h3>VERBINDEN<\/h3>\n<p>\n\t\t\tZum Anschlie\u00dfen von Computern, Kameramodulen und Thermometer an den Roboter.\n\t\t\t<\/p>\n<\/p><\/div>\n<\/li>\n<li><img src=\"\/webroot\/img\/products\/automation\/soldering_manager\/soldering_manager9.png\" width=\"20\" alt=\"\u77e2\u5370\"><\/li>\n<li>\n\t\t<img src=\"\/webroot\/img\/products\/automation\/soldering_manager\/soldering_manager4.png\" width=\"226\" alt=\"DIGITALISIEREN\"><\/p>\n<div class=\"txt\">\n<h3>DIGITALISIEREN<\/h3>\n<p>\n\t\t\tZum automatischen Speichern von Prozessdaten im laufenden Betrieb oder im Wartungsmodus.\n\t\t\t<\/p>\n<\/p><\/div>\n<\/li>\n<li><img src=\"\/webroot\/img\/products\/automation\/soldering_manager\/soldering_manager9.png\" width=\"20\" alt=\"\u77e2\u5370\"><\/li>\n<li>\n\t\t<img src=\"\/webroot\/img\/products\/automation\/soldering_manager\/soldering_manager5.png\" width=\"226\" alt=\"VISUALISIEREN\"><\/p>\n<div class=\"txt\">\n<h3>VISUALISIEREN<\/h3>\n<p>\n\t\t\tUm numerische Daten wie die L\u00f6ttemperatur in grafische Informationen umzuwandeln.\n\t\t\t<\/p>\n<\/p><\/div>\n<\/li>\n<li><img src=\"\/webroot\/img\/products\/automation\/soldering_manager\/soldering_manager9.png\" width=\"20\" alt=\"\u77e2\u5370\"><\/li>\n<li>\n\t\t<img src=\"\/webroot\/img\/products\/automation\/soldering_manager\/soldering_manager6.png\" width=\"226\" alt=\"ERFASSUNG\"><\/p>\n<div class=\"txt\">\n<h3>ERFASSUNG<\/h3>\n<p>\n\t\t\tZum Speichern von Text- und Videodaten. (CSV-Format und MPEG-4-Format)\n\t\t\t<\/p>\n<\/p><\/div>\n<\/li>\n<li><img src=\"\/webroot\/img\/products\/automation\/soldering_manager\/soldering_manager9.png\" width=\"20\" alt=\"\u77e2\u5370\"><\/li>\n<li>\n\t\t<img src=\"\/webroot\/img\/products\/automation\/soldering_manager\/soldering_manager7.png\" width=\"226\" alt=\"ARCHIV\"><\/p>\n<div class=\"txt\">\n<h3>ARCHIV<\/h3>\n<p>\n\t\t\tAlle Prozessaufzeichnungen archivieren und historische Daten nutzen.\n\t\t\t<\/p>\n<\/p><\/div>\n<\/li>\n<li><img src=\"\/webroot\/img\/products\/automation\/soldering_manager\/soldering_manager9.png\" width=\"20\" alt=\"\u77e2\u5370\"><\/li>\n<li>\n\t\t<img src=\"\/webroot\/img\/products\/automation\/soldering_manager\/soldering_manager8.png\" width=\"226\" alt=\"EX:CONNECT\"><\/p>\n<div class=\"txt\">\n<h3>EX:CONNECT<\/h3>\n<p>\n\t\t\tErneutes Verbinden von L\u00f6tdaten mit externen Ger\u00e4ten \u00fcber globale Standards wie IPC CFX, SEMI und Hermes.\n\t\t\t<\/p>\n<\/p><\/div>\n<\/li>\n<\/ul>\n<\/div>\n<div class=\"border\">\n<h2>Standardkonfiguration<\/h2>\n<ul class=\"frame\">\n<li class=\"w380\">\n\t\t<img src=\"\/webroot\/img\/products\/automation\/soldering_manager\/soldering_manager10.png\" width=\"380\" alt=\"Soldering Manager software\"><\/p>\n<p>Soldering Manager software<\/p>\n<\/li>\n<li class=\"plus\">\uff0b<\/li>\n<li class=\"w380\">\n\t\t<img src=\"\/webroot\/img\/products\/automation\/soldering_manager\/soldering_manager11.png\" width=\"380\" alt=\"Kameraanschluss-Kit f\u00fcr L\u00f6t-Manager (USB-Kamera, Halterung, USB-Hub und Kabel)\"><\/p>\n<p>Kameraanschluss-Kit f\u00fcr L\u00f6t-Manager (USB-Kamera, Halterung, USB-Hub und Kabel)<\/p>\n<\/li>\n<\/ul>\n<\/div>\n<div class=\"border\">\n<h2>Referenzvideos<\/h2>\n<ul class=\"frame\">\n<li>\n\t\t\t<a class=\"popup_video\" href=\"#popup_video\"><br \/>\n\t\t\t\t<img loading=\"lazy\" class=\"video_cover\" src=\"\/webroot\/img\/products\/automation\/gf-series\/video_non.png\" width=\"380\" height=\"272\" alt=\"\" style=\"display: block;\"><br \/>\n\t\t\t\t<img loading=\"lazy\" src=\"\/webroot\/img\/products\/automation\/gf-series\/video1.png\" width=\"380\" height=\"272\" alt=\"\"><br \/>\n\t\t\t\t<span>3:43<\/span><br \/>\n\t\t\t<\/a>\n\t<\/li>\n<\/ul>\n<\/div>\n<\/div>\n","protected":false},"excerpt":{"rendered":"<p>L\u00f6troboter-Management-Software Um L\u00f6t-IdD aus den operativen Bereichen zu implementieren &#8211; Soldering Man [&hellip;]<\/p>\n","protected":false},"author":1,"featured_media":1020,"parent":17,"menu_order":1,"comment_status":"closed","ping_status":"closed","template":"","meta":[],"acf":[],"_links":{"self":[{"href":"https:\/\/www.japanunix.com\/de\/wp-json\/wp\/v2\/pages\/1004"}],"collection":[{"href":"https:\/\/www.japanunix.com\/de\/wp-json\/wp\/v2\/pages"}],"about":[{"href":"https:\/\/www.japanunix.com\/de\/wp-json\/wp\/v2\/types\/page"}],"author":[{"embeddable":true,"href":"https:\/\/www.japanunix.com\/de\/wp-json\/wp\/v2\/users\/1"}],"replies":[{"embeddable":true,"href":"https:\/\/www.japanunix.com\/de\/wp-json\/wp\/v2\/comments?post=1004"}],"version-history":[{"count":3,"href":"https:\/\/www.japanunix.com\/de\/wp-json\/wp\/v2\/pages\/1004\/revisions"}],"predecessor-version":[{"id":1007,"href":"https:\/\/www.japanunix.com\/de\/wp-json\/wp\/v2\/pages\/1004\/revisions\/1007"}],"up":[{"embeddable":true,"href":"https:\/\/www.japanunix.com\/de\/wp-json\/wp\/v2\/pages\/17"}],"wp:featuredmedia":[{"embeddable":true,"href":"https:\/\/www.japanunix.com\/de\/wp-json\/wp\/v2\/media\/1020"}],"wp:attachment":[{"href":"https:\/\/www.japanunix.com\/de\/wp-json\/wp\/v2\/media?parent=1004"}],"curies":[{"name":"wp","href":"https:\/\/api.w.org\/{rel}","templated":true}]}}